{"id":646117,"date":"2025-04-04T20:43:50","date_gmt":"2025-04-04T19:43:50","guid":{"rendered":"https:\/\/shop.kustom.ch\/?post_type=product&#038;p=646117"},"modified":"2026-03-31T11:31:41","modified_gmt":"2026-03-31T10:31:41","slug":"wauna-cap-without-print","status":"publish","type":"product","link":"https:\/\/shop.kustom.ch\/en\/product\/wauna-cap-without-print\/","title":{"rendered":"Wauna Cap Without Print"},"content":{"rendered":"<p>Our performance cap - a cap that fits seamlessly with your active lifestyle. The stretch band inside provides a comfortable fit that's ideal for your everyday adventures. Whether you're running, golfing or simply enjoying the outdoors, this cap will stay in place and provide reliable protection and coverage.<\/p>\n<p>Material: 92% recycled polyester, 8% elastane<\/p>","protected":false},"excerpt":{"rendered":"<p>Unsere Performance-Kappe &#8211; eine Kappe, die nahtlos zu Ihrem aktiven Lebensstil passt. Das Stretchband im Inneren sorgt f\u00fcr eine bequeme Passform, die ideal f\u00fcr Ihre allt\u00e4glichen Abenteuer ist. Egal, ob Sie laufen, Golf spielen oder einfach die Natur geniessen, diese Kappe bleibt an Ort und Stelle und bietet zuverl\u00e4ssigen Schutz und Abdeckung. Material: 92% recyceltes [&hellip;]<\/p>\n","protected":false},"featured_media":646119,"template":"","meta":[],"product_brand":[],"product_cat":[4177,4209],"product_tag":[],"class_list":{"0":"post-646117","1":"product","2":"type-product","3":"status-publish","4":"has-post-thumbnail","6":"product_cat-caps-muetzen","7":"product_cat-zubehoer","8":"pa_brand-cutter-buck","9":"pa_brand-type-workwear","10":"pa_filter-color-blau","11":"pa_filter-color-grau","12":"pa_filter-color-schwarz","13":"pa_filter-color-weiss","15":"first","16":"instock","17":"sale","18":"taxable","19":"shipping-taxable","20":"purchasable","21":"product-type-variable","22":"add-to-wishlist-before_image"},"exclude_global_add_ons":[],"addons":[],"acf":[],"_links":{"self":[{"href":"https:\/\/shop.kustom.ch\/en\/wp-json\/wp\/v2\/product\/646117"}],"collection":[{"href":"https:\/\/shop.kustom.ch\/en\/wp-json\/wp\/v2\/product"}],"about":[{"href":"https:\/\/shop.kustom.ch\/en\/wp-json\/wp\/v2\/types\/product"}],"wp:featuredmedia":[{"embeddable":true,"href":"https:\/\/shop.kustom.ch\/en\/wp-json\/wp\/v2\/media\/646119"}],"wp:attachment":[{"href":"https:\/\/shop.kustom.ch\/en\/wp-json\/wp\/v2\/media?parent=646117"}],"wp:term":[{"taxonomy":"product_brand","embeddable":true,"href":"https:\/\/shop.kustom.ch\/en\/wp-json\/wp\/v2\/product_brand?post=646117"},{"taxonomy":"product_cat","embeddable":true,"href":"https:\/\/shop.kustom.ch\/en\/wp-json\/wp\/v2\/product_cat?post=646117"},{"taxonomy":"product_tag","embeddable":true,"href":"https:\/\/shop.kustom.ch\/en\/wp-json\/wp\/v2\/product_tag?post=646117"}],"curies":[{"name":"wp","href":"https:\/\/api.w.org\/{rel}","templated":true}]}}