{"id":646058,"date":"2025-04-04T20:43:23","date_gmt":"2025-04-04T19:43:23","guid":{"rendered":"https:\/\/shop.kustom.ch\/?post_type=product&#038;p=646058"},"modified":"2026-03-31T11:41:07","modified_gmt":"2026-03-31T10:41:07","slug":"pemberton-hood-men","status":"publish","type":"product","link":"https:\/\/shop.kustom.ch\/en\/product\/pemberton-hood-men\/","title":{"rendered":"Pemberton Hood Men"},"content":{"rendered":"<p>The Pemberton Hood is a modern and versatile addition to the Pemberton range, combining style and comfort for everyday use and leisure. This hooded pullover version of the iconic Pemberton Hood Full Zip combines classic design with modern features. Crafted from a lightweight, double knit stretch fabric made from 66% recycled polyester, viscose and elastane, it offers exceptional warmth without bulk, ideal for wearing under a jacket or on its own. Decorated with an embroidered Cutter &amp; Buck logo along the edge of the hood.<\/p>\n<p>Material: 66% recycled polyester, 4% polyester, 26% viscose, 4% elastane (99). 70% recycled polyester, 26% viscose, 4% elastane (580)<\/p>","protected":false},"excerpt":{"rendered":"<p>Der Pemberton Hood ist eine moderne und vielseitige Erg\u00e4nzung zur Pemberton Serie, die Stil und Komfort f\u00fcr den t\u00e4glichen Gebrauch und die Freizeit kombiniert. Diese Pullover-Version mit Kapuze des ikonischen Pemberton Hood Full Zip vereint klassisches Design mit modernen Features. Hergestellt aus einem leichten, doppelt gestrickten Stretch-Stoff aus 66% Recycling-Polyester, Viskose und Elasthan, bietet es [&hellip;]<\/p>\n","protected":false},"featured_media":646087,"template":"","meta":[],"product_brand":[],"product_cat":[4184],"product_tag":[],"class_list":{"0":"post-646058","1":"product","2":"type-product","3":"status-publish","4":"has-post-thumbnail","6":"product_cat-hoodies-pullover","7":"pa_brand-cutter-buck","8":"pa_brand-type-workwear","9":"pa_filter-color-blau","10":"pa_filter-color-schwarz","12":"first","13":"instock","14":"sale","15":"taxable","16":"shipping-taxable","17":"purchasable","18":"product-type-variable","19":"add-to-wishlist-before_image"},"exclude_global_add_ons":[],"addons":[],"acf":[],"_links":{"self":[{"href":"https:\/\/shop.kustom.ch\/en\/wp-json\/wp\/v2\/product\/646058"}],"collection":[{"href":"https:\/\/shop.kustom.ch\/en\/wp-json\/wp\/v2\/product"}],"about":[{"href":"https:\/\/shop.kustom.ch\/en\/wp-json\/wp\/v2\/types\/product"}],"wp:featuredmedia":[{"embeddable":true,"href":"https:\/\/shop.kustom.ch\/en\/wp-json\/wp\/v2\/media\/646087"}],"wp:attachment":[{"href":"https:\/\/shop.kustom.ch\/en\/wp-json\/wp\/v2\/media?parent=646058"}],"wp:term":[{"taxonomy":"product_brand","embeddable":true,"href":"https:\/\/shop.kustom.ch\/en\/wp-json\/wp\/v2\/product_brand?post=646058"},{"taxonomy":"product_cat","embeddable":true,"href":"https:\/\/shop.kustom.ch\/en\/wp-json\/wp\/v2\/product_cat?post=646058"},{"taxonomy":"product_tag","embeddable":true,"href":"https:\/\/shop.kustom.ch\/en\/wp-json\/wp\/v2\/product_tag?post=646058"}],"curies":[{"name":"wp","href":"https:\/\/api.w.org\/{rel}","templated":true}]}}