{"id":646003,"date":"2025-04-04T20:42:54","date_gmt":"2025-04-04T19:42:54","guid":{"rendered":"https:\/\/shop.kustom.ch\/?post_type=product&#038;p=646003"},"modified":"2026-03-31T11:43:20","modified_gmt":"2026-03-31T10:43:20","slug":"hunts-point-fleece-women","status":"publish","type":"product","link":"https:\/\/shop.kustom.ch\/en\/product\/hunts-point-fleece-women\/","title":{"rendered":"Hunts Point Fleece Women"},"content":{"rendered":"<p>Our iconic Hunts Point fleece is exceptionally soft, and the jacquard-textured fleece fabric offers enhanced thermoregulation and superior moisture-wicking breathability. Equipped with a versatile snap button closure, it is designed for exceptional versatility and will quickly become your favourite shirt for all your active pursuits such as golf, hiking, skiing, travel, sports, work or a night on the town. Hunts Point Fleece is made from a comfortable, high quality recycled polyester fabric.<\/p>\n<p>Material: 100% recycled polyester<\/p>","protected":false},"excerpt":{"rendered":"<p>Unser ikonisches Hunts Point Fleece ist aussergew\u00f6hnlich weich, und das jacquard-texturierte Fleece-Material bietet verbesserte Thermoregulierung und \u00fcberlegene feuchtigkeitsableitende Atmungsaktivit\u00e4t. Ausgestattet mit einem vielseitigen Druckknopfverschluss, ist es f\u00fcr aussergew\u00f6hnliche Vielseitigkeit entwickelt worden und wird schnell Ihr Lieblingshemd f\u00fcr alle Ihre aktiven Unternehmungen wie Golf, Wandern, Skifahren, Reisen, Sport, Arbeit oder eine Nacht in der Stadt. Hunts [&hellip;]<\/p>\n","protected":false},"featured_media":646057,"template":"","meta":[],"product_brand":[],"product_cat":[4184],"product_tag":[],"class_list":{"0":"post-646003","1":"product","2":"type-product","3":"status-publish","4":"has-post-thumbnail","6":"product_cat-hoodies-pullover","7":"pa_brand-cutter-buck","8":"pa_brand-type-workwear","9":"pa_filter-color-blau","10":"pa_filter-color-grau","11":"pa_filter-color-gruen","12":"pa_filter-color-schwarz","14":"first","15":"instock","16":"sale","17":"taxable","18":"shipping-taxable","19":"purchasable","20":"product-type-variable","21":"add-to-wishlist-before_image"},"exclude_global_add_ons":[],"addons":[],"acf":[],"_links":{"self":[{"href":"https:\/\/shop.kustom.ch\/en\/wp-json\/wp\/v2\/product\/646003"}],"collection":[{"href":"https:\/\/shop.kustom.ch\/en\/wp-json\/wp\/v2\/product"}],"about":[{"href":"https:\/\/shop.kustom.ch\/en\/wp-json\/wp\/v2\/types\/product"}],"wp:featuredmedia":[{"embeddable":true,"href":"https:\/\/shop.kustom.ch\/en\/wp-json\/wp\/v2\/media\/646057"}],"wp:attachment":[{"href":"https:\/\/shop.kustom.ch\/en\/wp-json\/wp\/v2\/media?parent=646003"}],"wp:term":[{"taxonomy":"product_brand","embeddable":true,"href":"https:\/\/shop.kustom.ch\/en\/wp-json\/wp\/v2\/product_brand?post=646003"},{"taxonomy":"product_cat","embeddable":true,"href":"https:\/\/shop.kustom.ch\/en\/wp-json\/wp\/v2\/product_cat?post=646003"},{"taxonomy":"product_tag","embeddable":true,"href":"https:\/\/shop.kustom.ch\/en\/wp-json\/wp\/v2\/product_tag?post=646003"}],"curies":[{"name":"wp","href":"https:\/\/api.w.org\/{rel}","templated":true}]}}