{"id":645972,"date":"2025-04-04T20:42:39","date_gmt":"2025-04-04T19:42:39","guid":{"rendered":"https:\/\/shop.kustom.ch\/?post_type=product&#038;p=645972"},"modified":"2026-03-31T11:44:17","modified_gmt":"2026-03-31T10:44:17","slug":"pemberton-cardigan-full-zip-men","status":"publish","type":"product","link":"https:\/\/shop.kustom.ch\/en\/product\/pemberton-cardigan-full-zip-men\/","title":{"rendered":"Pemberton Cardigan Full Zip Men"},"content":{"rendered":"<p>Pemberton Full Zip, our iconic cardigan, is made from a lightweight, double-knit stretch fabric containing up to 70% recycled polyester, rayon and elastane for added comfort. This versatile layering piece suits your active lifestyle all year round, complete with zip pockets, ribbed detailing and Cutter &amp; Buck 3D logo embroidery at the back neck. For women, it features a curved hem and slightly elongated back.<\/p>\n<p>Material: 66% recycled polyester, 4% polyester, 26% viscose, 4% elastane (955, 99), 70% recycled polyester, 26% viscose, 4% elastane (580)<\/p>","protected":false},"excerpt":{"rendered":"<p>Pemberton Full Zip, unsere ikonische Strickjacke, besteht aus einem leichten, doppelt gestrickten Stretch-Stoff, der bis zu 70% recyceltem Polyester, Rayon und Elasthan f\u00fcr zus\u00e4tzlichen Komfort enth\u00e4lt. Dieses vielseitige Schichtst\u00fcck passt zu Ihrem aktiven Lebensstil das ganze Jahr \u00fcber, komplett mit Reissverschlusstaschen, Rippdetails und Cutter &amp; Buck 3D-Logo-Stickerei am hinteren Hals. F\u00fcr Frauen bietet es einen [&hellip;]<\/p>\n","protected":false},"featured_media":645977,"template":"","meta":[],"product_brand":[],"product_cat":[4191],"product_tag":[],"class_list":{"0":"post-645972","1":"product","2":"type-product","3":"status-publish","4":"has-post-thumbnail","6":"product_cat-longsleeves-sweatshirts","7":"pa_brand-cutter-buck","8":"pa_brand-type-workwear","9":"pa_filter-color-blau","10":"pa_filter-color-grau","11":"pa_filter-color-schwarz","13":"first","14":"instock","15":"sale","16":"taxable","17":"shipping-taxable","18":"purchasable","19":"product-type-variable","20":"add-to-wishlist-before_image"},"exclude_global_add_ons":[],"addons":[],"acf":[],"_links":{"self":[{"href":"https:\/\/shop.kustom.ch\/en\/wp-json\/wp\/v2\/product\/645972"}],"collection":[{"href":"https:\/\/shop.kustom.ch\/en\/wp-json\/wp\/v2\/product"}],"about":[{"href":"https:\/\/shop.kustom.ch\/en\/wp-json\/wp\/v2\/types\/product"}],"wp:featuredmedia":[{"embeddable":true,"href":"https:\/\/shop.kustom.ch\/en\/wp-json\/wp\/v2\/media\/645977"}],"wp:attachment":[{"href":"https:\/\/shop.kustom.ch\/en\/wp-json\/wp\/v2\/media?parent=645972"}],"wp:term":[{"taxonomy":"product_brand","embeddable":true,"href":"https:\/\/shop.kustom.ch\/en\/wp-json\/wp\/v2\/product_brand?post=645972"},{"taxonomy":"product_cat","embeddable":true,"href":"https:\/\/shop.kustom.ch\/en\/wp-json\/wp\/v2\/product_cat?post=645972"},{"taxonomy":"product_tag","embeddable":true,"href":"https:\/\/shop.kustom.ch\/en\/wp-json\/wp\/v2\/product_tag?post=645972"}],"curies":[{"name":"wp","href":"https:\/\/api.w.org\/{rel}","templated":true}]}}