{"id":645779,"date":"2025-04-04T20:40:54","date_gmt":"2025-04-04T19:40:54","guid":{"rendered":"https:\/\/shop.kustom.ch\/?post_type=product&#038;p=645779"},"modified":"2026-03-31T11:44:46","modified_gmt":"2026-03-31T10:44:46","slug":"oakville-half-zip-sweater-men","status":"publish","type":"product","link":"https:\/\/shop.kustom.ch\/en\/product\/oakville-half-zip-sweater-men\/","title":{"rendered":"Oakville Half Zip Sweater Men"},"content":{"rendered":"<p>Oakville Half Zip is the latest addition to the Oakville family! The yarn is slightly heavier in 12 gauge with elasticated ribbed cuffs at the bottom of the sleeves, hem and collar, adding a touch of sophistication. Featuring a high quality silver metal zip from YKK\u00ae, this jumper effortlessly combines style and functionality. The women's version features a slit and a longer back for a relaxed, modern fit. This soft and durable knitted jumper is the perfect layer over a polo or shirt.<\/p>\n<p>Material: 88% cotton, 12% nylon<\/p>","protected":false},"excerpt":{"rendered":"<p>Oakville Half Zip ist die neueste Erg\u00e4nzung der Oakville-Familie ! Das Garn ist etwas schwerer in 12 Gauge mit elastischen Rippb\u00fcndchen am unteren \u00c4rmel, Saum und Kragen, was einen Hauch von Raffinesse verleiht. Ausgestattet mit einem hochwertigen silbernen Metallreissverschluss von YKK\u00ae vereint dieser Pullover m\u00fchelos Stil und Funktionalit\u00e4t. Die Damenversion verf\u00fcgt \u00fcber einen Schlitz und [&hellip;]<\/p>\n","protected":false},"featured_media":645781,"template":"","meta":[],"product_brand":[],"product_cat":[4191],"product_tag":[],"class_list":{"0":"post-645779","1":"product","2":"type-product","3":"status-publish","4":"has-post-thumbnail","6":"product_cat-longsleeves-sweatshirts","7":"pa_brand-cutter-buck","8":"pa_brand-type-workwear","9":"pa_filter-color-blau","10":"pa_filter-color-grau","11":"pa_filter-color-schwarz","13":"first","14":"instock","15":"sale","16":"taxable","17":"shipping-taxable","18":"purchasable","19":"product-type-variable","20":"add-to-wishlist-before_image"},"exclude_global_add_ons":[],"addons":[],"acf":[],"_links":{"self":[{"href":"https:\/\/shop.kustom.ch\/en\/wp-json\/wp\/v2\/product\/645779"}],"collection":[{"href":"https:\/\/shop.kustom.ch\/en\/wp-json\/wp\/v2\/product"}],"about":[{"href":"https:\/\/shop.kustom.ch\/en\/wp-json\/wp\/v2\/types\/product"}],"wp:featuredmedia":[{"embeddable":true,"href":"https:\/\/shop.kustom.ch\/en\/wp-json\/wp\/v2\/media\/645781"}],"wp:attachment":[{"href":"https:\/\/shop.kustom.ch\/en\/wp-json\/wp\/v2\/media?parent=645779"}],"wp:term":[{"taxonomy":"product_brand","embeddable":true,"href":"https:\/\/shop.kustom.ch\/en\/wp-json\/wp\/v2\/product_brand?post=645779"},{"taxonomy":"product_cat","embeddable":true,"href":"https:\/\/shop.kustom.ch\/en\/wp-json\/wp\/v2\/product_cat?post=645779"},{"taxonomy":"product_tag","embeddable":true,"href":"https:\/\/shop.kustom.ch\/en\/wp-json\/wp\/v2\/product_tag?post=645779"}],"curies":[{"name":"wp","href":"https:\/\/api.w.org\/{rel}","templated":true}]}}