{"id":645720,"date":"2025-04-04T20:04:32","date_gmt":"2025-04-04T19:04:32","guid":{"rendered":"https:\/\/shop.kustom.ch\/?post_type=product&#038;p=645720"},"modified":"2026-03-31T11:33:37","modified_gmt":"2026-03-31T10:33:37","slug":"virtue-polo-stripe-men","status":"publish","type":"product","link":"https:\/\/shop.kustom.ch\/en\/product\/virtue-polo-stripe-men\/","title":{"rendered":"Virtue Polo Stripe Men"},"content":{"rendered":"<p>The Virtue Polo Stripes is designed for maximum versatility, making it the perfect choice for golf, office, remote work, travelling, leisure and evening outings. Made from a lightweight blend of recycled DryTec\u2122 polyester and spandex, this polo offers exceptional stretch and a cool, comfortable feel. The moisture-wicking fabric keeps you dry, while the integrated sun protection ensures comfort and safety. Available in three different colours and patterns, this stylish, functional garment combines timeless elegance with modern performance to elevate your wardrobe.<\/p>\n<p>Material: 95% recycled polyester, 5% elastane piqu\u00e9 with micro stripes. UPF 20+<\/p>","protected":false},"excerpt":{"rendered":"<p>Das Virtue Polo Stripes ist f\u00fcr h\u00f6chste Vielseitigkeit konzipiert und damit die perfekte Wahl f\u00fcr Golf, B\u00fcro, Remote-Arbeit, Reisen, Freizeit und Abendausfl\u00fcge. Gefertigt aus einer leichten Mischung aus recyceltem DryTec\u2122-Polyester und Elasthan, bietet dieses Polo aussergew\u00f6hnliche Dehnbarkeit und ein angenehm k\u00fchlendes Gef\u00fchl. Der feuchtigkeitsableitende Stoff h\u00e4lt Sie trocken, w\u00e4hrend der integrierte Sonnenschutz Komfort und Sicherheit [&hellip;]<\/p>\n","protected":false},"featured_media":645733,"template":"","meta":[],"product_brand":[],"product_cat":[4193],"product_tag":[],"class_list":{"0":"post-645720","1":"product","2":"type-product","3":"status-publish","4":"has-post-thumbnail","6":"product_cat-polos","7":"pa_brand-cutter-buck","8":"pa_brand-type-workwear","9":"pa_filter-color-blau","10":"pa_filter-color-grau","11":"pa_filter-color-schwarz","13":"first","14":"instock","15":"sale","16":"taxable","17":"shipping-taxable","18":"purchasable","19":"product-type-variable","20":"add-to-wishlist-before_image"},"exclude_global_add_ons":[],"addons":[],"acf":[],"_links":{"self":[{"href":"https:\/\/shop.kustom.ch\/en\/wp-json\/wp\/v2\/product\/645720"}],"collection":[{"href":"https:\/\/shop.kustom.ch\/en\/wp-json\/wp\/v2\/product"}],"about":[{"href":"https:\/\/shop.kustom.ch\/en\/wp-json\/wp\/v2\/types\/product"}],"wp:featuredmedia":[{"embeddable":true,"href":"https:\/\/shop.kustom.ch\/en\/wp-json\/wp\/v2\/media\/645733"}],"wp:attachment":[{"href":"https:\/\/shop.kustom.ch\/en\/wp-json\/wp\/v2\/media?parent=645720"}],"wp:term":[{"taxonomy":"product_brand","embeddable":true,"href":"https:\/\/shop.kustom.ch\/en\/wp-json\/wp\/v2\/product_brand?post=645720"},{"taxonomy":"product_cat","embeddable":true,"href":"https:\/\/shop.kustom.ch\/en\/wp-json\/wp\/v2\/product_cat?post=645720"},{"taxonomy":"product_tag","embeddable":true,"href":"https:\/\/shop.kustom.ch\/en\/wp-json\/wp\/v2\/product_tag?post=645720"}],"curies":[{"name":"wp","href":"https:\/\/api.w.org\/{rel}","templated":true}]}}