{"id":645640,"date":"2025-04-04T20:03:46","date_gmt":"2025-04-04T19:03:46","guid":{"rendered":"https:\/\/shop.kustom.ch\/?post_type=product&#038;p=645640"},"modified":"2026-03-31T11:34:33","modified_gmt":"2026-03-31T10:34:33","slug":"virtue-polo-solid-junior","status":"publish","type":"product","link":"https:\/\/shop.kustom.ch\/en\/product\/virtue-polo-solid-junior\/","title":{"rendered":"Virtue Polo Solid Junior"},"content":{"rendered":"<p>The Virtue Polo Solid is the ideal choice for golf and other active pursuits. Made from a lightweight blend of recycled DryTec\u2122 polyester and elastane, this polo shirt offers excellent stretch and a cool, refreshing feel. Its moisture-wicking fabric keeps you dry, while the integrated sun protection ensures comfort and safety, making it perfect for days outdoors or on the golf course.<\/p>\n<p>Material: 95% recycled polyester, 5% elastane. UPF 20+<\/p>","protected":false},"excerpt":{"rendered":"<p>Das Virtue Polo Solid ist die ideale Wahl f\u00fcr Golf und andere aktive Aktivit\u00e4ten. Dieses Poloshirt besteht aus einer leichten Mischung aus recyceltem DryTec\u2122-Polyester und Elasthan und bietet hervorragende Dehnbarkeit und ein k\u00fchles, erfrischendes Tragegef\u00fchl. Sein feuchtigkeitsableitendes Material h\u00e4lt Sie trocken, w\u00e4hrend der integrierte Sonnenschutz f\u00fcr Komfort und Sicherheit sorgt und es perfekt f\u00fcr Tage [&hellip;]<\/p>\n","protected":false},"featured_media":645641,"template":"","meta":[],"product_brand":[],"product_cat":[4193],"product_tag":[],"class_list":{"0":"post-645640","1":"product","2":"type-product","3":"status-publish","4":"has-post-thumbnail","6":"product_cat-polos","7":"pa_brand-cutter-buck","8":"pa_brand-type-workwear","9":"pa_filter-color-blau","10":"pa_filter-color-schwarz","11":"pa_filter-color-weiss","13":"first","14":"instock","15":"sale","16":"taxable","17":"shipping-taxable","18":"purchasable","19":"product-type-variable","20":"add-to-wishlist-before_image"},"exclude_global_add_ons":[],"addons":[],"acf":[],"_links":{"self":[{"href":"https:\/\/shop.kustom.ch\/en\/wp-json\/wp\/v2\/product\/645640"}],"collection":[{"href":"https:\/\/shop.kustom.ch\/en\/wp-json\/wp\/v2\/product"}],"about":[{"href":"https:\/\/shop.kustom.ch\/en\/wp-json\/wp\/v2\/types\/product"}],"wp:featuredmedia":[{"embeddable":true,"href":"https:\/\/shop.kustom.ch\/en\/wp-json\/wp\/v2\/media\/645641"}],"wp:attachment":[{"href":"https:\/\/shop.kustom.ch\/en\/wp-json\/wp\/v2\/media?parent=645640"}],"wp:term":[{"taxonomy":"product_brand","embeddable":true,"href":"https:\/\/shop.kustom.ch\/en\/wp-json\/wp\/v2\/product_brand?post=645640"},{"taxonomy":"product_cat","embeddable":true,"href":"https:\/\/shop.kustom.ch\/en\/wp-json\/wp\/v2\/product_cat?post=645640"},{"taxonomy":"product_tag","embeddable":true,"href":"https:\/\/shop.kustom.ch\/en\/wp-json\/wp\/v2\/product_tag?post=645640"}],"curies":[{"name":"wp","href":"https:\/\/api.w.org\/{rel}","templated":true}]}}