{"id":645534,"date":"2025-04-04T20:02:31","date_gmt":"2025-04-04T19:02:31","guid":{"rendered":"https:\/\/shop.kustom.ch\/?post_type=product&#038;p=645534"},"modified":"2026-03-31T11:33:20","modified_gmt":"2026-03-31T10:33:20","slug":"mount-adams-vest-women","status":"publish","type":"product","link":"https:\/\/shop.kustom.ch\/en\/product\/mount-adams-vest-women\/","title":{"rendered":"Mount Adams Vest Women"},"content":{"rendered":"<p>Our Mount Adams gilet is the perfect combination of style and functionality. Designed for maximum versatility, this sleeveless version of the Mount Adams jacket is ideal for wearing under your outerwear while retaining essential warmth. Made with Gold Insulation Luxe\u2122 by PrimaLoft\u00ae, this waistcoat is filled with 100% recycled materials. The innovative insulation mimics the lightness, warmth and softness of natural goose down and offers superior comfort without compromise. The gilet features a detachable hood with elasticated hem, two spacious front pockets and an additional chest pocket.<\/p>\n<p>Material: 100% recycled nylon. Padding: 100% recycled polyester. Lining: 100% recycled nylon<\/p>","protected":false},"excerpt":{"rendered":"<p>Unsere Mount Adams Weste ist die perfekte Kombination aus Stil und Funktionalit\u00e4t. Diese \u00e4rmellose Version der Mount Adams Jacke wurde f\u00fcr maximale Vielseitigkeit entwickelt und ist ideal zum Tragen unter Ihrer Oberbekleidung, w\u00e4hrend sie die n\u00f6tige W\u00e4rme bewahrt. Gefertigt mit Gold Insulation Luxe\u2122 von PrimaLoft\u00ae, ist diese Weste mit 100% recycelten Materialien gef\u00fcllt. Die innovative [&hellip;]<\/p>\n","protected":false},"featured_media":645551,"template":"","meta":[],"product_brand":[],"product_cat":[4208],"product_tag":[],"class_list":{"0":"post-645534","1":"product","2":"type-product","3":"status-publish","4":"has-post-thumbnail","6":"product_cat-westen","7":"pa_brand-cutter-buck","8":"pa_brand-type-workwear","9":"pa_filter-color-blau","10":"pa_filter-color-schwarz","12":"first","13":"instock","14":"sale","15":"taxable","16":"shipping-taxable","17":"purchasable","18":"product-type-variable","19":"add-to-wishlist-before_image"},"exclude_global_add_ons":[],"addons":[],"acf":[],"_links":{"self":[{"href":"https:\/\/shop.kustom.ch\/en\/wp-json\/wp\/v2\/product\/645534"}],"collection":[{"href":"https:\/\/shop.kustom.ch\/en\/wp-json\/wp\/v2\/product"}],"about":[{"href":"https:\/\/shop.kustom.ch\/en\/wp-json\/wp\/v2\/types\/product"}],"wp:featuredmedia":[{"embeddable":true,"href":"https:\/\/shop.kustom.ch\/en\/wp-json\/wp\/v2\/media\/645551"}],"wp:attachment":[{"href":"https:\/\/shop.kustom.ch\/en\/wp-json\/wp\/v2\/media?parent=645534"}],"wp:term":[{"taxonomy":"product_brand","embeddable":true,"href":"https:\/\/shop.kustom.ch\/en\/wp-json\/wp\/v2\/product_brand?post=645534"},{"taxonomy":"product_cat","embeddable":true,"href":"https:\/\/shop.kustom.ch\/en\/wp-json\/wp\/v2\/product_cat?post=645534"},{"taxonomy":"product_tag","embeddable":true,"href":"https:\/\/shop.kustom.ch\/en\/wp-json\/wp\/v2\/product_tag?post=645534"}],"curies":[{"name":"wp","href":"https:\/\/api.w.org\/{rel}","templated":true}]}}