{"id":645423,"date":"2025-04-04T20:00:23","date_gmt":"2025-04-04T19:00:23","guid":{"rendered":"https:\/\/shop.kustom.ch\/?post_type=product&#038;p=645423"},"modified":"2026-03-31T11:31:16","modified_gmt":"2026-03-31T10:31:16","slug":"la-push-pro-jacket-junior","status":"publish","type":"product","link":"https:\/\/shop.kustom.ch\/en\/product\/la-push-pro-jacket-junior\/","title":{"rendered":"La Push Pro Jacket Junior"},"content":{"rendered":"<p>Elevate your golfing experience with our technically advanced lightweight wind jacket, made from highly elasticated fabric that allows you great freedom of movement. Made from our innovative WeatherTec fabric, this jacket is designed for outdoor adventures when you need protection from wind and light rain. The clean lines and sporty silhouette offer a sleek and stylish look that transitions seamlessly from the golf course to informal outings. The elasticated cuffs offer protection from changing weather.<\/p>\n<p>Material: 80% recycled polyester, 20% elastane<\/p>","protected":false},"excerpt":{"rendered":"<p>Heben Sie Ihre Golferfahrung mit unserer technisch fortschrittlichen leichten Windjacke an, die aus hochelastischem Stoff gefertigt ist und Ihnen eine grosse Bewegungsfreiheit erm\u00f6glicht. Diese Jacke aus unserem innovativen WeatherTec-Stoff ist f\u00fcr Outdoor-Abenteuer konzipiert, wenn Sie Schutz vor Wind und leichtem Regen ben\u00f6tigen. Die klaren Linien und die sportliche Silhouette bieten einen schlanken und stilvollen Look, [&hellip;]<\/p>\n","protected":false},"featured_media":645424,"template":"","meta":[],"product_brand":[],"product_cat":[4186],"product_tag":[],"class_list":{"0":"post-645423","1":"product","2":"type-product","3":"status-publish","4":"has-post-thumbnail","6":"product_cat-jacken","7":"pa_brand-cutter-buck","8":"pa_brand-type-workwear","9":"pa_filter-color-blau","10":"pa_filter-color-schwarz","12":"first","13":"instock","14":"sale","15":"taxable","16":"shipping-taxable","17":"purchasable","18":"product-type-variable","19":"add-to-wishlist-before_image"},"exclude_global_add_ons":[],"addons":[],"acf":[],"_links":{"self":[{"href":"https:\/\/shop.kustom.ch\/en\/wp-json\/wp\/v2\/product\/645423"}],"collection":[{"href":"https:\/\/shop.kustom.ch\/en\/wp-json\/wp\/v2\/product"}],"about":[{"href":"https:\/\/shop.kustom.ch\/en\/wp-json\/wp\/v2\/types\/product"}],"wp:featuredmedia":[{"embeddable":true,"href":"https:\/\/shop.kustom.ch\/en\/wp-json\/wp\/v2\/media\/645424"}],"wp:attachment":[{"href":"https:\/\/shop.kustom.ch\/en\/wp-json\/wp\/v2\/media?parent=645423"}],"wp:term":[{"taxonomy":"product_brand","embeddable":true,"href":"https:\/\/shop.kustom.ch\/en\/wp-json\/wp\/v2\/product_brand?post=645423"},{"taxonomy":"product_cat","embeddable":true,"href":"https:\/\/shop.kustom.ch\/en\/wp-json\/wp\/v2\/product_cat?post=645423"},{"taxonomy":"product_tag","embeddable":true,"href":"https:\/\/shop.kustom.ch\/en\/wp-json\/wp\/v2\/product_tag?post=645423"}],"curies":[{"name":"wp","href":"https:\/\/api.w.org\/{rel}","templated":true}]}}