{"id":645222,"date":"2025-04-04T19:27:04","date_gmt":"2025-04-04T18:27:04","guid":{"rendered":"https:\/\/shop.kustom.ch\/?post_type=product&#038;p=645222"},"modified":"2026-03-31T10:15:07","modified_gmt":"2026-03-31T09:15:07","slug":"poplin-slim-fit-man","status":"publish","type":"product","link":"https:\/\/shop.kustom.ch\/en\/product\/poplin-slim-fit-man\/","title":{"rendered":"Poplin Slim fit Man"},"content":{"rendered":"<p>Elegant shirt made from poplin fabric with stretch elements, whose properties ensure a supple and soft feel. With turn-down collar. Comfort and slim fit for men. The ladies' model is slightly tailored.<\/p>\n<p>Material: 97% organically grown Fairtrade cotton, 3% elastane<\/p>","protected":false},"excerpt":{"rendered":"<p>Elegantes Hemd aus Popeline-Stoff mit Stretchelementen, deren Eigenschaften f\u00fcr ein geschmeidiges und weiches Tragegef\u00fchl sorgen. Mit Umlegekragen. Komfort- und Slim-Fit f\u00fcr M\u00e4nner. Das Damenmodell ist leicht tailliert. Material: 97% \u00f6kologisch angebaute Baumwolle Fairtrade, 3% Elasthan<\/p>","protected":false},"featured_media":645262,"template":"","meta":[],"product_brand":[],"product_cat":[9874],"product_tag":[],"class_list":{"0":"post-645222","1":"product","2":"type-product","3":"status-publish","4":"has-post-thumbnail","6":"product_cat-hemden","7":"pa_brand-cottover","8":"pa_brand-type-workwear","9":"pa_filter-color-schwarz","10":"pa_filter-color-weiss","12":"first","13":"instock","14":"sale","15":"taxable","16":"shipping-taxable","17":"purchasable","18":"product-type-variable","19":"add-to-wishlist-before_image"},"exclude_global_add_ons":[],"addons":[],"acf":[],"_links":{"self":[{"href":"https:\/\/shop.kustom.ch\/en\/wp-json\/wp\/v2\/product\/645222"}],"collection":[{"href":"https:\/\/shop.kustom.ch\/en\/wp-json\/wp\/v2\/product"}],"about":[{"href":"https:\/\/shop.kustom.ch\/en\/wp-json\/wp\/v2\/types\/product"}],"wp:featuredmedia":[{"embeddable":true,"href":"https:\/\/shop.kustom.ch\/en\/wp-json\/wp\/v2\/media\/645262"}],"wp:attachment":[{"href":"https:\/\/shop.kustom.ch\/en\/wp-json\/wp\/v2\/media?parent=645222"}],"wp:term":[{"taxonomy":"product_brand","embeddable":true,"href":"https:\/\/shop.kustom.ch\/en\/wp-json\/wp\/v2\/product_brand?post=645222"},{"taxonomy":"product_cat","embeddable":true,"href":"https:\/\/shop.kustom.ch\/en\/wp-json\/wp\/v2\/product_cat?post=645222"},{"taxonomy":"product_tag","embeddable":true,"href":"https:\/\/shop.kustom.ch\/en\/wp-json\/wp\/v2\/product_tag?post=645222"}],"curies":[{"name":"wp","href":"https:\/\/api.w.org\/{rel}","templated":true}]}}