{"id":645153,"date":"2025-04-04T19:26:45","date_gmt":"2025-04-04T18:26:45","guid":{"rendered":"https:\/\/shop.kustom.ch\/?post_type=product&#038;p=645153"},"modified":"2026-03-31T10:17:19","modified_gmt":"2026-03-31T09:17:19","slug":"top-lady","status":"publish","type":"product","link":"https:\/\/shop.kustom.ch\/en\/product\/top-lady\/","title":{"rendered":"Top Lady"},"content":{"rendered":"<p>Elegant top in a generously cut style with a beautiful drape. Hollow sleeves and decorative boat neckline with piping. Printed label on the neck.<\/p>\n<p>Material: 100% organic cotton Fairtrade<\/p>","protected":false},"excerpt":{"rendered":"<p>Elegantes Top in einem grossz\u00fcgig geschnittenen Modell mit sch\u00f6nem Fall. Hohle \u00c4rmel und dekorativer Bootsausschnitt mit Paspel. Bedrucktes Etikett am Nacken. Material: 100% \u00f6kologisch Baumwolle Fairtrade<\/p>","protected":false},"featured_media":645185,"template":"","meta":[],"product_brand":[],"product_cat":[4202],"product_tag":[],"class_list":{"0":"post-645153","1":"product","2":"type-product","3":"status-publish","4":"has-post-thumbnail","6":"product_cat-tank-tops","7":"pa_brand-cottover","8":"pa_brand-type-workwear","9":"pa_filter-color-beige","10":"pa_filter-color-pink","11":"pa_filter-color-rot","12":"pa_filter-color-schwarz","13":"pa_filter-color-weiss","15":"first","16":"instock","17":"sale","18":"taxable","19":"shipping-taxable","20":"purchasable","21":"product-type-variable","22":"add-to-wishlist-before_image"},"exclude_global_add_ons":[],"addons":[],"acf":[],"_links":{"self":[{"href":"https:\/\/shop.kustom.ch\/en\/wp-json\/wp\/v2\/product\/645153"}],"collection":[{"href":"https:\/\/shop.kustom.ch\/en\/wp-json\/wp\/v2\/product"}],"about":[{"href":"https:\/\/shop.kustom.ch\/en\/wp-json\/wp\/v2\/types\/product"}],"wp:featuredmedia":[{"embeddable":true,"href":"https:\/\/shop.kustom.ch\/en\/wp-json\/wp\/v2\/media\/645185"}],"wp:attachment":[{"href":"https:\/\/shop.kustom.ch\/en\/wp-json\/wp\/v2\/media?parent=645153"}],"wp:term":[{"taxonomy":"product_brand","embeddable":true,"href":"https:\/\/shop.kustom.ch\/en\/wp-json\/wp\/v2\/product_brand?post=645153"},{"taxonomy":"product_cat","embeddable":true,"href":"https:\/\/shop.kustom.ch\/en\/wp-json\/wp\/v2\/product_cat?post=645153"},{"taxonomy":"product_tag","embeddable":true,"href":"https:\/\/shop.kustom.ch\/en\/wp-json\/wp\/v2\/product_tag?post=645153"}],"curies":[{"name":"wp","href":"https:\/\/api.w.org\/{rel}","templated":true}]}}