{"id":644820,"date":"2025-04-04T19:15:46","date_gmt":"2025-04-04T18:15:46","guid":{"rendered":"https:\/\/shop.kustom.ch\/?post_type=product&#038;p=644820"},"modified":"2026-03-31T13:17:13","modified_gmt":"2026-03-31T12:17:13","slug":"miami-pro-roundneck-women","status":"publish","type":"product","link":"https:\/\/shop.kustom.ch\/en\/product\/miami-pro-roundneck-women\/","title":{"rendered":"Miami PRO Roundneck Women"},"content":{"rendered":"<p>A casual crew neck sweatshirt for women, made from French terry fabric and a blend of cotton and recycled polyester. It is characterised by slightly dropped shoulders and a slit on the side seams at the hem. The wider elasticated 2\u00d72 rib knit has a single seam at the neckline and cuffs as well as a high hemline. Includes contrasting twill neck tape and an easily removable label for rebranding purposes. The soft, stabilised fabric is designed for frequent washing and has anti-pilling properties.<\/p>\n<p>Material: 80% cotton, 20% recycled polyester<\/p>","protected":false},"excerpt":{"rendered":"<p>Ein legeres Rundhals Sweatshirt f\u00fcr Damen, aus French-Terry-Qualit\u00e4t und einer Mischung aus Baumwolle und recyceltem Polyester. Es zeichnet sich durch leicht \u00fcberschnittene Schultern und einen Schlitz an den Seitenn\u00e4hten am Saum aus. Der breitere elastische 2&#215;2-Rippstrick hat eine einfache Naht am Halsausschnitt und an den \u00c4rmelb\u00fcndchen sowie einen hohen Saumabschluss. Inklusive Nackenband aus Twill in [&hellip;]<\/p>\n","protected":false},"featured_media":644851,"template":"","meta":[],"product_brand":[],"product_cat":[4191],"product_tag":[],"class_list":{"0":"post-644820","1":"product","2":"type-product","3":"status-publish","4":"has-post-thumbnail","6":"product_cat-longsleeves-sweatshirts","7":"pa_brand-clique","8":"pa_brand-type-workwear","9":"pa_filter-color-blau","10":"pa_filter-color-grau","11":"pa_filter-color-schwarz","13":"first","14":"instock","15":"sale","16":"taxable","17":"shipping-taxable","18":"purchasable","19":"product-type-variable","20":"add-to-wishlist-before_image"},"exclude_global_add_ons":[],"addons":[],"acf":[],"_links":{"self":[{"href":"https:\/\/shop.kustom.ch\/en\/wp-json\/wp\/v2\/product\/644820"}],"collection":[{"href":"https:\/\/shop.kustom.ch\/en\/wp-json\/wp\/v2\/product"}],"about":[{"href":"https:\/\/shop.kustom.ch\/en\/wp-json\/wp\/v2\/types\/product"}],"wp:featuredmedia":[{"embeddable":true,"href":"https:\/\/shop.kustom.ch\/en\/wp-json\/wp\/v2\/media\/644851"}],"wp:attachment":[{"href":"https:\/\/shop.kustom.ch\/en\/wp-json\/wp\/v2\/media?parent=644820"}],"wp:term":[{"taxonomy":"product_brand","embeddable":true,"href":"https:\/\/shop.kustom.ch\/en\/wp-json\/wp\/v2\/product_brand?post=644820"},{"taxonomy":"product_cat","embeddable":true,"href":"https:\/\/shop.kustom.ch\/en\/wp-json\/wp\/v2\/product_cat?post=644820"},{"taxonomy":"product_tag","embeddable":true,"href":"https:\/\/shop.kustom.ch\/en\/wp-json\/wp\/v2\/product_tag?post=644820"}],"curies":[{"name":"wp","href":"https:\/\/api.w.org\/{rel}","templated":true}]}}