{"id":644748,"date":"2025-04-04T19:15:15","date_gmt":"2025-04-04T18:15:15","guid":{"rendered":"https:\/\/shop.kustom.ch\/?post_type=product&#038;p=644748"},"modified":"2026-03-31T13:10:08","modified_gmt":"2026-03-31T12:10:08","slug":"miami-pants","status":"publish","type":"product","link":"https:\/\/shop.kustom.ch\/en\/product\/miami-pants\/","title":{"rendered":"Miami Pants"},"content":{"rendered":"<p>Unisex sweatpants made from a blend of cotton and recycled polyester. They have two front pockets and a hidden zip pocket on the side seam. The elasticated 2\u00d72 rib knit is finished with double stitching at the waist and leg cuffs. With a drawstring at the waist and an easily removable label for rebranding purposes. The soft, stabilised fabric is designed for frequent washing and has anti-pilling properties.<\/p>\n<p>Material: 80% cotton, 20% recycled polyester<\/p>","protected":false},"excerpt":{"rendered":"<p>Unisex-Sweatpants aus einer Mischung aus Baumwolle und recyceltem Polyester. Sie verf\u00fcgt \u00fcber zwei Fronttaschen und eine versteckte Reissverschlusstasche an der Seitennaht. Der elastische 2&#215;2-Rippstrick ist mit doppelten N\u00e4hten an der Taille und am Beinabschluss versehen. Mit Kordelzug an der Taille und einem leicht entfernbaren Etikett f\u00fcr Rebranding-Zwecke. Der weiche, stabilisierte Stoff ist f\u00fcr h\u00e4ufiges Waschen [&hellip;]<\/p>\n","protected":false},"featured_media":644749,"template":"","meta":[],"product_brand":[],"product_cat":[4191],"product_tag":[],"class_list":{"0":"post-644748","1":"product","2":"type-product","3":"status-publish","4":"has-post-thumbnail","6":"product_cat-longsleeves-sweatshirts","7":"pa_brand-clique","8":"pa_brand-type-workwear","9":"pa_filter-color-blau","10":"pa_filter-color-grau","11":"pa_filter-color-schwarz","13":"first","14":"instock","15":"sale","16":"taxable","17":"shipping-taxable","18":"purchasable","19":"product-type-variable","20":"add-to-wishlist-before_image"},"exclude_global_add_ons":[],"addons":[],"acf":[],"_links":{"self":[{"href":"https:\/\/shop.kustom.ch\/en\/wp-json\/wp\/v2\/product\/644748"}],"collection":[{"href":"https:\/\/shop.kustom.ch\/en\/wp-json\/wp\/v2\/product"}],"about":[{"href":"https:\/\/shop.kustom.ch\/en\/wp-json\/wp\/v2\/types\/product"}],"wp:featuredmedia":[{"embeddable":true,"href":"https:\/\/shop.kustom.ch\/en\/wp-json\/wp\/v2\/media\/644749"}],"wp:attachment":[{"href":"https:\/\/shop.kustom.ch\/en\/wp-json\/wp\/v2\/media?parent=644748"}],"wp:term":[{"taxonomy":"product_brand","embeddable":true,"href":"https:\/\/shop.kustom.ch\/en\/wp-json\/wp\/v2\/product_brand?post=644748"},{"taxonomy":"product_cat","embeddable":true,"href":"https:\/\/shop.kustom.ch\/en\/wp-json\/wp\/v2\/product_cat?post=644748"},{"taxonomy":"product_tag","embeddable":true,"href":"https:\/\/shop.kustom.ch\/en\/wp-json\/wp\/v2\/product_tag?post=644748"}],"curies":[{"name":"wp","href":"https:\/\/api.w.org\/{rel}","templated":true}]}}