{"id":644706,"date":"2025-04-04T19:14:54","date_gmt":"2025-04-04T18:14:54","guid":{"rendered":"https:\/\/shop.kustom.ch\/?post_type=product&#038;p=644706"},"modified":"2026-03-31T13:14:43","modified_gmt":"2026-03-31T12:14:43","slug":"miami-half-zip","status":"publish","type":"product","link":"https:\/\/shop.kustom.ch\/en\/product\/miami-half-zip\/","title":{"rendered":"Miami Half Zip"},"content":{"rendered":"<p>A unisex half-zip jumper made from a blend of cotton and recycled polyester. It has a higher collar for extra comfort and an SBS zip with a metal look. The elasticated 2\u00d72 rib knit is finished with double stitching at the cuffs and hem. Includes twill neck tape and an easily removable label for rebranding purposes. The soft, stabilised fabric is designed for frequent washing and has anti-pilling properties.<\/p>\n<p>Material: 80% cotton, 20% recycled polyester<\/p>","protected":false},"excerpt":{"rendered":"<p>Ein Unisex Half-Zip-Pullover aus einer Mischung aus Baumwolle und recyceltem Polyester. Er verf\u00fcgt \u00fcber einen h\u00f6heren Kragen f\u00fcr zus\u00e4tzlichen Komfort und einen SBS-Reissverschluss mit Metalloptik. Der elastische 2&#215;2-Rippstrick ist mit doppelten N\u00e4hten an den \u00c4rmelb\u00fcndchen und am Saum versehen. Inklusive Nackenband aus Twill und einem leicht entfernbaren Etikett f\u00fcr Rebranding-Zwecke. Der weiche, stabilisierte Stoff ist [&hellip;]<\/p>\n","protected":false},"featured_media":644712,"template":"","meta":[],"product_brand":[],"product_cat":[4191],"product_tag":[],"class_list":{"0":"post-644706","1":"product","2":"type-product","3":"status-publish","4":"has-post-thumbnail","6":"product_cat-longsleeves-sweatshirts","7":"pa_brand-clique","8":"pa_brand-type-workwear","9":"pa_filter-color-blau","10":"pa_filter-color-grau","11":"pa_filter-color-schwarz","13":"first","14":"instock","15":"sale","16":"taxable","17":"shipping-taxable","18":"purchasable","19":"product-type-variable","20":"add-to-wishlist-before_image"},"exclude_global_add_ons":[],"addons":[],"acf":[],"_links":{"self":[{"href":"https:\/\/shop.kustom.ch\/en\/wp-json\/wp\/v2\/product\/644706"}],"collection":[{"href":"https:\/\/shop.kustom.ch\/en\/wp-json\/wp\/v2\/product"}],"about":[{"href":"https:\/\/shop.kustom.ch\/en\/wp-json\/wp\/v2\/types\/product"}],"wp:featuredmedia":[{"embeddable":true,"href":"https:\/\/shop.kustom.ch\/en\/wp-json\/wp\/v2\/media\/644712"}],"wp:attachment":[{"href":"https:\/\/shop.kustom.ch\/en\/wp-json\/wp\/v2\/media?parent=644706"}],"wp:term":[{"taxonomy":"product_brand","embeddable":true,"href":"https:\/\/shop.kustom.ch\/en\/wp-json\/wp\/v2\/product_brand?post=644706"},{"taxonomy":"product_cat","embeddable":true,"href":"https:\/\/shop.kustom.ch\/en\/wp-json\/wp\/v2\/product_cat?post=644706"},{"taxonomy":"product_tag","embeddable":true,"href":"https:\/\/shop.kustom.ch\/en\/wp-json\/wp\/v2\/product_tag?post=644706"}],"curies":[{"name":"wp","href":"https:\/\/api.w.org\/{rel}","templated":true}]}}