{"id":644418,"date":"2025-04-03T21:56:21","date_gmt":"2025-04-03T20:56:21","guid":{"rendered":"https:\/\/shop.kustom.ch\/?post_type=product&#038;p=644418"},"modified":"2026-03-31T11:22:52","modified_gmt":"2026-03-31T10:22:52","slug":"yoke-fleece-half-zip-man","status":"publish","type":"product","link":"https:\/\/shop.kustom.ch\/en\/product\/yoke-fleece-half-zip-man\/","title":{"rendered":"Yoke Fleece Half Zip Man"},"content":{"rendered":"<p>A fleece jacket with a half zip and timeless design that will keep you warm all year round. It fits perfectly under a shell jacket or can be worn separately on cool days. Combined with jeans or one of our outdoor trousers, it looks great and creates a complete look. It has a stylish zip at the neck to regulate your temperature and two zip pockets at the front to store your mobile phone and keys. It also has a discreet Tenson logo on the arm. The Yoke Half Zip is perfect as a jacket for weekdays in the city and weekends outdoors.<\/p>\n<p>Material: 100% recycled polyester<\/p>","protected":false},"excerpt":{"rendered":"<p>Eine Fleecejacke mit Halbreissverschluss und zeitlosem Design, der Sie das ganze Jahr \u00fcber warm h\u00e4lt. Sie passt perfekt unter eine Shell-Jacke oder kann an k\u00fchlen Tagen auch separat getragen werden. Kombiniert mit Jeans oder einer unserer Outdoor-Hosen sieht sie grossartig aus und sorgt f\u00fcr einen kompletten Look. Sie hat am Hals als stylisches Detail einen [&hellip;]<\/p>\n","protected":false},"featured_media":644447,"template":"","meta":[],"product_brand":[],"product_cat":[4191],"product_tag":[],"class_list":{"0":"post-644418","1":"product","2":"type-product","3":"status-publish","4":"has-post-thumbnail","6":"product_cat-longsleeves-sweatshirts","7":"pa_brand-tenson","8":"pa_brand-type-sportswear","9":"pa_filter-color-beige","10":"pa_filter-color-schwarz","12":"first","13":"instock","14":"sale","15":"taxable","16":"shipping-taxable","17":"purchasable","18":"product-type-variable","19":"add-to-wishlist-before_image"},"exclude_global_add_ons":[],"addons":[],"acf":[],"_links":{"self":[{"href":"https:\/\/shop.kustom.ch\/en\/wp-json\/wp\/v2\/product\/644418"}],"collection":[{"href":"https:\/\/shop.kustom.ch\/en\/wp-json\/wp\/v2\/product"}],"about":[{"href":"https:\/\/shop.kustom.ch\/en\/wp-json\/wp\/v2\/types\/product"}],"wp:featuredmedia":[{"embeddable":true,"href":"https:\/\/shop.kustom.ch\/en\/wp-json\/wp\/v2\/media\/644447"}],"wp:attachment":[{"href":"https:\/\/shop.kustom.ch\/en\/wp-json\/wp\/v2\/media?parent=644418"}],"wp:term":[{"taxonomy":"product_brand","embeddable":true,"href":"https:\/\/shop.kustom.ch\/en\/wp-json\/wp\/v2\/product_brand?post=644418"},{"taxonomy":"product_cat","embeddable":true,"href":"https:\/\/shop.kustom.ch\/en\/wp-json\/wp\/v2\/product_cat?post=644418"},{"taxonomy":"product_tag","embeddable":true,"href":"https:\/\/shop.kustom.ch\/en\/wp-json\/wp\/v2\/product_tag?post=644418"}],"curies":[{"name":"wp","href":"https:\/\/api.w.org\/{rel}","templated":true}]}}