{"id":644417,"date":"2025-04-03T21:56:21","date_gmt":"2025-04-03T20:56:21","guid":{"rendered":"https:\/\/shop.kustom.ch\/?post_type=product&#038;p=644417"},"modified":"2026-03-31T11:23:11","modified_gmt":"2026-03-31T10:23:11","slug":"yoke-fleece-full-zip-woman","status":"publish","type":"product","link":"https:\/\/shop.kustom.ch\/en\/product\/yoke-fleece-full-zip-woman\/","title":{"rendered":"Yoke Fleece Full Zip Woman"},"content":{"rendered":"<p>A fleece jacket with a timeless design that will keep you warm all year round. It fits perfectly under a shell jacket or can be worn separately on chilly days. Combined with jeans or one of our outdoor trousers, it looks great and creates a complete look. You can store your mobile phone and keys in the two zipped pockets. It also has a discreet Tenson logo on the arm. The Yoke Full Zip is perfect as a jacket for weekdays in the city and weekends outdoors.<\/p>\n<p>Material: 100% recycled polyester<\/p>","protected":false},"excerpt":{"rendered":"<p>Eine Fleecejacke mit zeitlosem Design, die Sie das ganze Jahr \u00fcber warm h\u00e4lt. Sie passt perfekt unter eine Shell-Jacke oder kann an k\u00fchlen Tagen auch separat getragen werden. Kombiniert mit einer Jeans oder einer unserer Outdoor-Hosen sieht sie grossartig aus und sorgt f\u00fcr einen kompletten Look. In den beiden Reissverschlusstaschen k\u00f6nnen Sie Ihr Handy und [&hellip;]<\/p>\n","protected":false},"featured_media":644433,"template":"","meta":[],"product_brand":[],"product_cat":[4186],"product_tag":[],"class_list":{"0":"post-644417","1":"product","2":"type-product","3":"status-publish","4":"has-post-thumbnail","6":"product_cat-jacken","7":"pa_brand-tenson","8":"pa_brand-type-sportswear","9":"pa_filter-color-beige","10":"pa_filter-color-schwarz","12":"first","13":"instock","14":"sale","15":"taxable","16":"shipping-taxable","17":"purchasable","18":"product-type-variable","19":"add-to-wishlist-before_image"},"exclude_global_add_ons":[],"addons":[],"acf":[],"_links":{"self":[{"href":"https:\/\/shop.kustom.ch\/en\/wp-json\/wp\/v2\/product\/644417"}],"collection":[{"href":"https:\/\/shop.kustom.ch\/en\/wp-json\/wp\/v2\/product"}],"about":[{"href":"https:\/\/shop.kustom.ch\/en\/wp-json\/wp\/v2\/types\/product"}],"wp:featuredmedia":[{"embeddable":true,"href":"https:\/\/shop.kustom.ch\/en\/wp-json\/wp\/v2\/media\/644433"}],"wp:attachment":[{"href":"https:\/\/shop.kustom.ch\/en\/wp-json\/wp\/v2\/media?parent=644417"}],"wp:term":[{"taxonomy":"product_brand","embeddable":true,"href":"https:\/\/shop.kustom.ch\/en\/wp-json\/wp\/v2\/product_brand?post=644417"},{"taxonomy":"product_cat","embeddable":true,"href":"https:\/\/shop.kustom.ch\/en\/wp-json\/wp\/v2\/product_cat?post=644417"},{"taxonomy":"product_tag","embeddable":true,"href":"https:\/\/shop.kustom.ch\/en\/wp-json\/wp\/v2\/product_tag?post=644417"}],"curies":[{"name":"wp","href":"https:\/\/api.w.org\/{rel}","templated":true}]}}