{"id":644099,"date":"2025-04-03T21:53:50","date_gmt":"2025-04-03T20:53:50","guid":{"rendered":"https:\/\/shop.kustom.ch\/?post_type=product&#038;p=644099"},"modified":"2026-03-31T11:21:39","modified_gmt":"2026-03-31T10:21:39","slug":"txlite-shibui-down-vest-men","status":"publish","type":"product","link":"https:\/\/shop.kustom.ch\/en\/product\/txlite-shibui-down-vest-men\/","title":{"rendered":"TXlite Shibui Down Vest Men"},"content":{"rendered":"<p>This lightweight, RDS-certified down waistcoat (90\/10 down\/feathers, 650 fill power) is windproof and water-repellent, making it ideal for outdoor activities all year round. The Shibui Down Vest can be worn as an outer layer or under a shell jacket for extra warmth - it goes perfectly with our Shibui ski jacket. Made from 100% recycled polyester, it features bonded channels with traceable, responsibly sourced RDS-certified down. It is equipped with an adjustable hem and two zipped pockets. PFC-free, water-repellent coating. Its design is inspired by the Japanese word \"shibui\", which describes a simple, elegant aesthetic with high-quality materials and excellent functionality.<\/p>\n<p>Material: Outer material: 100% recycled polyamide. Filling: 90% down, 10% feathers.<\/p>","protected":false},"excerpt":{"rendered":"<p>Diese leichte, RDS-zertifizierte Daunenweste (90\/10 Daunen\/Federn, 650 Fill Power) ist wind- und wasserabweisend und somit ideal f\u00fcr Outdoor-Aktivit\u00e4ten das ganze Jahr \u00fcber. Die Shibui Down Vest kann als \u00e4ussere Schicht oder unter einer Shelljacke f\u00fcr zus\u00e4tzliche W\u00e4rme getragen werden \u2013 sie passt perfekt zu unserer Shibui-Skijacke. Hergestellt aus 100% recyceltem Polyester, verf\u00fcgt sie \u00fcber verklebte [&hellip;]<\/p>\n","protected":false},"featured_media":644144,"template":"","meta":[],"product_brand":[],"product_cat":[4208],"product_tag":[],"class_list":{"0":"post-644099","1":"product","2":"type-product","3":"status-publish","4":"has-post-thumbnail","6":"product_cat-westen","7":"pa_brand-tenson","8":"pa_brand-type-sportswear","9":"pa_filter-color-blau","10":"pa_filter-color-gruen","11":"pa_filter-color-schwarz","13":"first","14":"instock","15":"sale","16":"taxable","17":"shipping-taxable","18":"purchasable","19":"product-type-variable","20":"add-to-wishlist-before_image"},"exclude_global_add_ons":[],"addons":[],"acf":[],"_links":{"self":[{"href":"https:\/\/shop.kustom.ch\/en\/wp-json\/wp\/v2\/product\/644099"}],"collection":[{"href":"https:\/\/shop.kustom.ch\/en\/wp-json\/wp\/v2\/product"}],"about":[{"href":"https:\/\/shop.kustom.ch\/en\/wp-json\/wp\/v2\/types\/product"}],"wp:featuredmedia":[{"embeddable":true,"href":"https:\/\/shop.kustom.ch\/en\/wp-json\/wp\/v2\/media\/644144"}],"wp:attachment":[{"href":"https:\/\/shop.kustom.ch\/en\/wp-json\/wp\/v2\/media?parent=644099"}],"wp:term":[{"taxonomy":"product_brand","embeddable":true,"href":"https:\/\/shop.kustom.ch\/en\/wp-json\/wp\/v2\/product_brand?post=644099"},{"taxonomy":"product_cat","embeddable":true,"href":"https:\/\/shop.kustom.ch\/en\/wp-json\/wp\/v2\/product_cat?post=644099"},{"taxonomy":"product_tag","embeddable":true,"href":"https:\/\/shop.kustom.ch\/en\/wp-json\/wp\/v2\/product_tag?post=644099"}],"curies":[{"name":"wp","href":"https:\/\/api.w.org\/{rel}","templated":true}]}}