{"id":644097,"date":"2025-04-03T21:53:50","date_gmt":"2025-04-03T20:53:50","guid":{"rendered":"https:\/\/shop.kustom.ch\/?post_type=product&#038;p=644097"},"modified":"2026-03-31T11:27:07","modified_gmt":"2026-03-31T10:27:07","slug":"txlite-shibui-down-jacket-men","status":"publish","type":"product","link":"https:\/\/shop.kustom.ch\/en\/product\/txlite-shibui-down-jacket-men\/","title":{"rendered":"TXlite Shibui Down Jacket Men"},"content":{"rendered":"<p>The clear, simple and lightweight, wind and water-repellent RDS down jacket (90\/10 down\/feathers, 650 fill power) is ideal for all outdoor activities all year round. The Shibui down jacket can be worn as an outer layer or under a shell jacket to keep you even warmer. It goes perfectly with our popular Shibui ski shell jacket, which was launched in the HW23 season! The RDS-certified down is sustainably sourced and fully traceable. With PFC-free water-repellent coating.<\/p>\n<p>- Light<br \/>\n- Windproof<br \/>\n- PFC-free and water-repellent<\/p>\n<p>Material: 100 % recycled polyamide. Padding: RDS-certified down, 90 % down, 10 % feathers, 650 fill power<\/p>","protected":false},"excerpt":{"rendered":"<p>Die klare, schlichte und leichte, wind- und wasserabweisende RDS-Daunenjacke (90\/10 Daunen\/Federn, 650 Bauschkraft) eignet sich hervorragend f\u00fcr alle Outdoor-Aktivit\u00e4ten das ganze Jahr \u00fcber. Die Daunenjacke Shibui kann als \u00e4ussere Schicht oder unter einer ShellJacke getragen werden, damit Sie es noch w\u00e4rmer haben. Sie passt perfekt zu unserer beliebten Ski-Shelljacke Shibui, die in der Saison HW23 [&hellip;]<\/p>\n","protected":false},"featured_media":644102,"template":"","meta":[],"product_brand":[],"product_cat":[4186],"product_tag":[],"class_list":{"0":"post-644097","1":"product","2":"type-product","3":"status-publish","4":"has-post-thumbnail","6":"product_cat-jacken","7":"pa_brand-tenson","8":"pa_brand-type-sportswear","9":"pa_filter-color-blau","10":"pa_filter-color-gruen","11":"pa_filter-color-schwarz","13":"first","14":"instock","15":"sale","16":"taxable","17":"shipping-taxable","18":"purchasable","19":"product-type-variable","20":"add-to-wishlist-before_image"},"exclude_global_add_ons":[],"addons":[],"acf":[],"_links":{"self":[{"href":"https:\/\/shop.kustom.ch\/en\/wp-json\/wp\/v2\/product\/644097"}],"collection":[{"href":"https:\/\/shop.kustom.ch\/en\/wp-json\/wp\/v2\/product"}],"about":[{"href":"https:\/\/shop.kustom.ch\/en\/wp-json\/wp\/v2\/types\/product"}],"wp:featuredmedia":[{"embeddable":true,"href":"https:\/\/shop.kustom.ch\/en\/wp-json\/wp\/v2\/media\/644102"}],"wp:attachment":[{"href":"https:\/\/shop.kustom.ch\/en\/wp-json\/wp\/v2\/media?parent=644097"}],"wp:term":[{"taxonomy":"product_brand","embeddable":true,"href":"https:\/\/shop.kustom.ch\/en\/wp-json\/wp\/v2\/product_brand?post=644097"},{"taxonomy":"product_cat","embeddable":true,"href":"https:\/\/shop.kustom.ch\/en\/wp-json\/wp\/v2\/product_cat?post=644097"},{"taxonomy":"product_tag","embeddable":true,"href":"https:\/\/shop.kustom.ch\/en\/wp-json\/wp\/v2\/product_tag?post=644097"}],"curies":[{"name":"wp","href":"https:\/\/api.w.org\/{rel}","templated":true}]}}