{"id":644030,"date":"2025-04-03T21:53:20","date_gmt":"2025-04-03T20:53:20","guid":{"rendered":"https:\/\/shop.kustom.ch\/?post_type=product&#038;p=644030"},"modified":"2026-03-31T11:27:23","modified_gmt":"2026-03-31T10:27:23","slug":"txlite-shibui-collar-down-jacket-women","status":"publish","type":"product","link":"https:\/\/shop.kustom.ch\/en\/product\/txlite-shibui-collar-down-jacket-women\/","title":{"rendered":"TXlite Shibui Collar Down Jacket Women"},"content":{"rendered":"<p>This lightweight down jacket with RDS certification (90\/10 down\/feathers, 650 fill power) is wind and water repellent, making it ideal for outdoor activities all year round. The Shibui Down Jacket can be worn as an outer layer or under a shell jacket for extra warmth - it pairs perfectly with our Shibui ski jacket. Made from 100% recycled polyamide, it features bonded channels filled with responsibly sourced, fully traceable RDS-certified down. It features pre-shaped sleeves, an adjustable hem and two zipped front pockets. PFC-free, water-repellent coating. The design of the TXlite Shibui Down Jacket is inspired by the Japanese term \"shibui\", which describes a simple, elegant aesthetic with fine details, selected materials and outstanding functionality.<\/p>\n<p>Material: Outer material: 100% recycled polyamide. Filling: 90% down, 10% feathers.<\/p>","protected":false},"excerpt":{"rendered":"<p>Diese leichte Daunenjacke mit RDS-Zertifizierung (90\/10 Daunen\/Federn, 650 Fill Power) ist wind- und wasserabweisend und somit ideal f\u00fcr Outdoor-Aktivit\u00e4ten das ganze Jahr \u00fcber. Die Shibui Down Jacket kann als \u00e4ussere Schicht oder unter einer Shelljacke f\u00fcr zus\u00e4tzliche W\u00e4rme getragen werden \u2013 sie passt perfekt zu unserer Shibui-Skijacke. Hergestellt aus 100% recyceltem Polyamid, verf\u00fcgt sie \u00fcber [&hellip;]<\/p>\n","protected":false},"featured_media":644078,"template":"","meta":[],"product_brand":[],"product_cat":[4186],"product_tag":[],"class_list":{"0":"post-644030","1":"product","2":"type-product","3":"status-publish","4":"has-post-thumbnail","6":"product_cat-jacken","7":"pa_brand-tenson","8":"pa_brand-type-sportswear","9":"pa_filter-color-blau","10":"pa_filter-color-gruen","11":"pa_filter-color-schwarz","13":"first","14":"instock","15":"sale","16":"taxable","17":"shipping-taxable","18":"purchasable","19":"product-type-variable","20":"add-to-wishlist-before_image"},"exclude_global_add_ons":[],"addons":[],"acf":[],"_links":{"self":[{"href":"https:\/\/shop.kustom.ch\/en\/wp-json\/wp\/v2\/product\/644030"}],"collection":[{"href":"https:\/\/shop.kustom.ch\/en\/wp-json\/wp\/v2\/product"}],"about":[{"href":"https:\/\/shop.kustom.ch\/en\/wp-json\/wp\/v2\/types\/product"}],"wp:featuredmedia":[{"embeddable":true,"href":"https:\/\/shop.kustom.ch\/en\/wp-json\/wp\/v2\/media\/644078"}],"wp:attachment":[{"href":"https:\/\/shop.kustom.ch\/en\/wp-json\/wp\/v2\/media?parent=644030"}],"wp:term":[{"taxonomy":"product_brand","embeddable":true,"href":"https:\/\/shop.kustom.ch\/en\/wp-json\/wp\/v2\/product_brand?post=644030"},{"taxonomy":"product_cat","embeddable":true,"href":"https:\/\/shop.kustom.ch\/en\/wp-json\/wp\/v2\/product_cat?post=644030"},{"taxonomy":"product_tag","embeddable":true,"href":"https:\/\/shop.kustom.ch\/en\/wp-json\/wp\/v2\/product_tag?post=644030"}],"curies":[{"name":"wp","href":"https:\/\/api.w.org\/{rel}","templated":true}]}}