{"id":644028,"date":"2025-04-03T21:53:19","date_gmt":"2025-04-03T20:53:19","guid":{"rendered":"https:\/\/shop.kustom.ch\/?post_type=product&#038;p=644028"},"modified":"2026-03-31T11:26:41","modified_gmt":"2026-03-31T10:26:41","slug":"txlite-shell-jacket-women","status":"publish","type":"product","link":"https:\/\/shop.kustom.ch\/en\/product\/txlite-shell-jacket-women\/","title":{"rendered":"TXlite Shell Jacket Women"},"content":{"rendered":"<p>The TXlite Shell Jacket is a windproof and waterproof 2.5-layer shell jacket made of comfortable stretch material with the MPC Extreme membrane technology developed by Tenson (WP 10 000 mm \/ MP 10 000 g\/m2\/24 h), which makes this jacket waterproof and exceptionally breathable. Thanks to the MPC Extreme technology, the taped seams and the water-repellent zips, you can be out and about for hours in the pouring rain and always stay dry and comfortable. Features include an adjustable hem, sleeves with pre-shaped elbows, ventilation under the arms, water-repellent zips, practical pockets and much more. With PFC-free water-repellent coating.<\/p>\n<p>- MPC Extreme\u2122 Shell<br \/>\n- 2.5L Stretch<br \/>\n- WP 10 000 MP 10 000<br \/>\n- PFC-free water-repellent coating<\/p>\n<p>Material: 50 % recycled polyester, 50 % polyester<\/p>","protected":false},"excerpt":{"rendered":"<p>Die TXlite Shell Jacket ist eine wind- und wasserdichte 2,5-lagige Shell-Jacke aus komfortablem Stretchmaterial mit der von Tenson entwickelten MPC Extreme Membrantechnologie (WP 10 000 mm \/ MP 10 000 g\/m2\/24 h), die diese Jacke wasserdicht und aussergew\u00f6hnlich atmungsaktiv macht. Dank der MPC Extreme-Technologie, der versiegelten N\u00e4hte und der wasserabweisenden Reissverschl\u00fcsse k\u00f6nnen Sie auch bei [&hellip;]<\/p>\n","protected":false},"featured_media":644043,"template":"","meta":[],"product_brand":[],"product_cat":[4186],"product_tag":[],"class_list":{"0":"post-644028","1":"product","2":"type-product","3":"status-publish","4":"has-post-thumbnail","6":"product_cat-jacken","7":"pa_brand-tenson","8":"pa_brand-type-sportswear","9":"pa_filter-color-blau","10":"pa_filter-color-schwarz","12":"first","13":"instock","14":"sale","15":"taxable","16":"shipping-taxable","17":"purchasable","18":"product-type-variable","19":"add-to-wishlist-before_image"},"exclude_global_add_ons":[],"addons":[],"acf":[],"_links":{"self":[{"href":"https:\/\/shop.kustom.ch\/en\/wp-json\/wp\/v2\/product\/644028"}],"collection":[{"href":"https:\/\/shop.kustom.ch\/en\/wp-json\/wp\/v2\/product"}],"about":[{"href":"https:\/\/shop.kustom.ch\/en\/wp-json\/wp\/v2\/types\/product"}],"wp:featuredmedia":[{"embeddable":true,"href":"https:\/\/shop.kustom.ch\/en\/wp-json\/wp\/v2\/media\/644043"}],"wp:attachment":[{"href":"https:\/\/shop.kustom.ch\/en\/wp-json\/wp\/v2\/media?parent=644028"}],"wp:term":[{"taxonomy":"product_brand","embeddable":true,"href":"https:\/\/shop.kustom.ch\/en\/wp-json\/wp\/v2\/product_brand?post=644028"},{"taxonomy":"product_cat","embeddable":true,"href":"https:\/\/shop.kustom.ch\/en\/wp-json\/wp\/v2\/product_cat?post=644028"},{"taxonomy":"product_tag","embeddable":true,"href":"https:\/\/shop.kustom.ch\/en\/wp-json\/wp\/v2\/product_tag?post=644028"}],"curies":[{"name":"wp","href":"https:\/\/api.w.org\/{rel}","templated":true}]}}