{"id":643970,"date":"2025-04-03T21:52:50","date_gmt":"2025-04-03T20:52:50","guid":{"rendered":"https:\/\/shop.kustom.ch\/?post_type=product&#038;p=643970"},"modified":"2026-03-31T11:23:13","modified_gmt":"2026-03-31T10:23:13","slug":"txlite-q-dry-polo-woman","status":"publish","type":"product","link":"https:\/\/shop.kustom.ch\/en\/product\/txlite-q-dry-polo-woman\/","title":{"rendered":"TXlite Q-Dry Polo Woman"},"content":{"rendered":"<p>A functional polo shirt is a basic for racket sports and goes just as well with outdoor activities and other sports. It is made from 100 % recycled polyester and dries quickly - perfect on hot days when you work up a sweat. It has a three-button collar and a discreet Tenson logo on the left chest. Regular fit.<\/p>\n<p>- Piqu\u00e9<br \/>\n- Quick drying<br \/>\n- Moisture repellent<\/p>\n<p>Material: 100 % recycled polyester<\/p>","protected":false},"excerpt":{"rendered":"<p>Ein zweckm\u00e4ssiges Poloshirt ist ein Basic f\u00fcr den Racket-Sport und passt genauso gut zu Outdoor-Aktivit\u00e4ten und anderen Sportarten. Es besteht aus 100 % recyceltem Polyester und trocknet schnell \u2013 perfekt an heissen Tagen, wenn Sie ins Schwitzen kommen. Es hat einen DreiKnopf-Kragen und ein dezentes Tenson-Logo links auf der Brust. Normale Passform. \u2022 Piqu\u00e9 \u2022 [&hellip;]<\/p>\n","protected":false},"featured_media":644005,"template":"","meta":[],"product_brand":[],"product_cat":[4193],"product_tag":[],"class_list":{"0":"post-643970","1":"product","2":"type-product","3":"status-publish","4":"has-post-thumbnail","6":"product_cat-polos","7":"pa_brand-tenson","8":"pa_brand-type-sportswear","9":"pa_filter-color-blau","10":"pa_filter-color-schwarz","11":"pa_filter-color-weiss","13":"first","14":"instock","15":"sale","16":"taxable","17":"shipping-taxable","18":"purchasable","19":"product-type-variable","20":"add-to-wishlist-before_image"},"exclude_global_add_ons":[],"addons":[],"acf":[],"_links":{"self":[{"href":"https:\/\/shop.kustom.ch\/en\/wp-json\/wp\/v2\/product\/643970"}],"collection":[{"href":"https:\/\/shop.kustom.ch\/en\/wp-json\/wp\/v2\/product"}],"about":[{"href":"https:\/\/shop.kustom.ch\/en\/wp-json\/wp\/v2\/types\/product"}],"wp:featuredmedia":[{"embeddable":true,"href":"https:\/\/shop.kustom.ch\/en\/wp-json\/wp\/v2\/media\/644005"}],"wp:attachment":[{"href":"https:\/\/shop.kustom.ch\/en\/wp-json\/wp\/v2\/media?parent=643970"}],"wp:term":[{"taxonomy":"product_brand","embeddable":true,"href":"https:\/\/shop.kustom.ch\/en\/wp-json\/wp\/v2\/product_brand?post=643970"},{"taxonomy":"product_cat","embeddable":true,"href":"https:\/\/shop.kustom.ch\/en\/wp-json\/wp\/v2\/product_cat?post=643970"},{"taxonomy":"product_tag","embeddable":true,"href":"https:\/\/shop.kustom.ch\/en\/wp-json\/wp\/v2\/product_tag?post=643970"}],"curies":[{"name":"wp","href":"https:\/\/api.w.org\/{rel}","templated":true}]}}