{"id":643901,"date":"2025-04-03T21:52:24","date_gmt":"2025-04-03T20:52:24","guid":{"rendered":"https:\/\/shop.kustom.ch\/?post_type=product&#038;p=643901"},"modified":"2026-03-31T11:26:38","modified_gmt":"2026-03-31T10:26:38","slug":"txlite-midlayer-hoodie-woman","status":"publish","type":"product","link":"https:\/\/shop.kustom.ch\/en\/product\/txlite-midlayer-hoodie-woman\/","title":{"rendered":"TXlite Midlayer Hoodie Woman"},"content":{"rendered":"<p>An extremely comfortable hoodie that can be worn as a jumper or a light jacket. The model is very stretchy and has extended arms with pre-shaped elbows and thumb holes so that you can also wear it as a mid-layer, the hood and hem are adjustable and the zip has a folded chin guard. If you want to wear it as a mid-layer, the extended sleeves with thumb loops prevent the sleeves from getting caught under your jacket. It also has two zipped front pockets so you won't lose your belongings. Wear it as a comfortable hoodie or as a lightweight jacket in the city or for outdoor activities.<\/p>\n<p>- Power Comfort<br \/>\n- Stretch<\/p>\n<p>Material: 95% polyester, 5% elastane<\/p>","protected":false},"excerpt":{"rendered":"<p>Ein \u00e4usserst bequemer Hoodie, der sowohl als Sweater als auch als leichte Jacke getragen werden kann. Das Modell ist sehr dehnbar und hat verl\u00e4ngerte Arme mit vorgeformten Ellbogen und Daumenl\u00f6chern, sodass Sie es auch als Midlayer tragen k\u00f6nnen.Kapuze und Saum sind verstellbar, und der Reissverschluss hat einen gefalteten Kinnschutz. Wenn Sie es als Midlayer tragen [&hellip;]<\/p>\n","protected":false},"featured_media":643943,"template":"","meta":[],"product_brand":[],"product_cat":[4191],"product_tag":[],"class_list":{"0":"post-643901","1":"product","2":"type-product","3":"status-publish","4":"has-post-thumbnail","6":"product_cat-longsleeves-sweatshirts","7":"pa_brand-tenson","8":"pa_brand-type-sportswear","9":"pa_filter-color-blau","10":"pa_filter-color-grau","11":"pa_filter-color-orange","12":"pa_filter-color-schwarz","14":"first","15":"instock","16":"sale","17":"taxable","18":"shipping-taxable","19":"purchasable","20":"product-type-variable","21":"add-to-wishlist-before_image"},"exclude_global_add_ons":[],"addons":[],"acf":[],"_links":{"self":[{"href":"https:\/\/shop.kustom.ch\/en\/wp-json\/wp\/v2\/product\/643901"}],"collection":[{"href":"https:\/\/shop.kustom.ch\/en\/wp-json\/wp\/v2\/product"}],"about":[{"href":"https:\/\/shop.kustom.ch\/en\/wp-json\/wp\/v2\/types\/product"}],"wp:featuredmedia":[{"embeddable":true,"href":"https:\/\/shop.kustom.ch\/en\/wp-json\/wp\/v2\/media\/643943"}],"wp:attachment":[{"href":"https:\/\/shop.kustom.ch\/en\/wp-json\/wp\/v2\/media?parent=643901"}],"wp:term":[{"taxonomy":"product_brand","embeddable":true,"href":"https:\/\/shop.kustom.ch\/en\/wp-json\/wp\/v2\/product_brand?post=643901"},{"taxonomy":"product_cat","embeddable":true,"href":"https:\/\/shop.kustom.ch\/en\/wp-json\/wp\/v2\/product_cat?post=643901"},{"taxonomy":"product_tag","embeddable":true,"href":"https:\/\/shop.kustom.ch\/en\/wp-json\/wp\/v2\/product_tag?post=643901"}],"curies":[{"name":"wp","href":"https:\/\/api.w.org\/{rel}","templated":true}]}}