{"id":643727,"date":"2025-04-03T21:51:04","date_gmt":"2025-04-03T20:51:04","guid":{"rendered":"https:\/\/shop.kustom.ch\/?post_type=product&#038;p=643727"},"modified":"2026-03-31T11:27:46","modified_gmt":"2026-03-31T10:27:46","slug":"txlite-hybrid-jacket-women","status":"publish","type":"product","link":"https:\/\/shop.kustom.ch\/en\/product\/txlite-hybrid-jacket-women\/","title":{"rendered":"TXlite Hybrid Jacket Women"},"content":{"rendered":"<p>The TXlite Hybrid Zip is the perfect mid-layer jacket made from a comfortable, stretchy yet lightweight and easy-to-pack material. Wear it separately or under a shell or rain jacket on colder days. It features elongated sleeves with pre-shaped elbows and thumbholes to prevent the sleeves from getting caught under your jacket. The material dries quickly and has quilted insulation on the front and back to keep you extra warm. The two front pockets are zipped so that you don't lose anything.<\/p>\n<p>- Power Comfort<br \/>\n- Quick drying<br \/>\n- Stretch<\/p>\n<p>Material: Material 1: 90% polyester, 10% elastane. Material 2: 100% polyamide. Padding: 100% polyester<\/p>","protected":false},"excerpt":{"rendered":"<p>Die TXlite Hybrid Zip ist die perfekte Midlayer-Jacke aus einem bequemen, dehnbaren, dabei aber federleichten und einfach zu verpackenden Material. Tragen Sie sie separat oder an k\u00e4lteren Tagen unter einer Shell- oder Regenjacke. Sie verf\u00fcgt \u00fcber verl\u00e4ngerte \u00c4rmel mit vorgeformten Ellbogen und Daumenl\u00f6cher, die verhindern, dass sich die \u00c4rmel unter Ihrer Jacke verfangen. Das Material [&hellip;]<\/p>\n","protected":false},"featured_media":643746,"template":"","meta":[],"product_brand":[],"product_cat":[4191],"product_tag":[],"class_list":{"0":"post-643727","1":"product","2":"type-product","3":"status-publish","4":"has-post-thumbnail","6":"product_cat-longsleeves-sweatshirts","7":"pa_brand-tenson","8":"pa_brand-type-sportswear","9":"pa_filter-color-blau","10":"pa_filter-color-schwarz","12":"first","13":"instock","14":"sale","15":"taxable","16":"shipping-taxable","17":"purchasable","18":"product-type-variable","19":"add-to-wishlist-before_image"},"exclude_global_add_ons":[],"addons":[],"acf":[],"_links":{"self":[{"href":"https:\/\/shop.kustom.ch\/en\/wp-json\/wp\/v2\/product\/643727"}],"collection":[{"href":"https:\/\/shop.kustom.ch\/en\/wp-json\/wp\/v2\/product"}],"about":[{"href":"https:\/\/shop.kustom.ch\/en\/wp-json\/wp\/v2\/types\/product"}],"wp:featuredmedia":[{"embeddable":true,"href":"https:\/\/shop.kustom.ch\/en\/wp-json\/wp\/v2\/media\/643746"}],"wp:attachment":[{"href":"https:\/\/shop.kustom.ch\/en\/wp-json\/wp\/v2\/media?parent=643727"}],"wp:term":[{"taxonomy":"product_brand","embeddable":true,"href":"https:\/\/shop.kustom.ch\/en\/wp-json\/wp\/v2\/product_brand?post=643727"},{"taxonomy":"product_cat","embeddable":true,"href":"https:\/\/shop.kustom.ch\/en\/wp-json\/wp\/v2\/product_cat?post=643727"},{"taxonomy":"product_tag","embeddable":true,"href":"https:\/\/shop.kustom.ch\/en\/wp-json\/wp\/v2\/product_tag?post=643727"}],"curies":[{"name":"wp","href":"https:\/\/api.w.org\/{rel}","templated":true}]}}