{"id":643662,"date":"2025-04-03T21:50:35","date_gmt":"2025-04-03T20:50:35","guid":{"rendered":"https:\/\/shop.kustom.ch\/?post_type=product&#038;p=643662"},"modified":"2026-03-31T11:24:55","modified_gmt":"2026-03-31T10:24:55","slug":"txlite-flex-shorts-woman","status":"publish","type":"product","link":"https:\/\/shop.kustom.ch\/en\/product\/txlite-flex-shorts-woman\/","title":{"rendered":"TXlite Flex Shorts Woman"},"content":{"rendered":"<p>Extremely comfortable, stylish hiking shorts made from durable four-way stretch fabric for normal outdoor activities such as fishing, hiking, hunting or simply for a trip into town. Thanks to their comfortable stretch fabric, they are very comfortable to wear and easy to store. The four zip pockets provide space for your essentials, such as your mobile phone and wallet. Close-fitting: choose one size larger for a looser fit. The TXlite series from Tenson consists of lightweight, packable clothing for normal outdoor activities on adventure trips. With PFC-free water-repellent coating.<\/p>\n<p>- Four-way stretch<br \/>\n- Hardwearing<br \/>\n- Quick drying<br \/>\n- Moisture repellent<\/p>\n<p>Material: 92% polyamide, 8% elastane<\/p>","protected":false},"excerpt":{"rendered":"<p>\u00c4usserst bequeme, stylische Wandershorts aus strapazierf\u00e4higem Vier-Wege-Stretch-Material f\u00fcr normale Outdoor-Aktivit\u00e4ten wie Angeln, Wandern, Jagen oder einfach nur f\u00fcr einen Ausflug in die Stadt. Dank ihres bequemen Stretchmaterials sind sie sehr angenehm zu tragen und leicht zu verstauen. Die vier Reissverschlusstaschen bieten Platz f\u00fcr die wichtigsten Dinge wie Ihr Handy und Ihre Brieftasche. Eng anliegende Passform: [&hellip;]<\/p>\n","protected":false},"featured_media":643706,"template":"","meta":[],"product_brand":[],"product_cat":[4198],"product_tag":[],"class_list":{"0":"post-643662","1":"product","2":"type-product","3":"status-publish","4":"has-post-thumbnail","6":"product_cat-shorts","7":"pa_brand-tenson","8":"pa_brand-type-sportswear","9":"pa_filter-color-blau","10":"pa_filter-color-gruen","11":"pa_filter-color-schwarz","13":"first","14":"instock","15":"sale","16":"taxable","17":"shipping-taxable","18":"purchasable","19":"product-type-variable","20":"add-to-wishlist-before_image"},"exclude_global_add_ons":[],"addons":[],"acf":[],"_links":{"self":[{"href":"https:\/\/shop.kustom.ch\/en\/wp-json\/wp\/v2\/product\/643662"}],"collection":[{"href":"https:\/\/shop.kustom.ch\/en\/wp-json\/wp\/v2\/product"}],"about":[{"href":"https:\/\/shop.kustom.ch\/en\/wp-json\/wp\/v2\/types\/product"}],"wp:featuredmedia":[{"embeddable":true,"href":"https:\/\/shop.kustom.ch\/en\/wp-json\/wp\/v2\/media\/643706"}],"wp:attachment":[{"href":"https:\/\/shop.kustom.ch\/en\/wp-json\/wp\/v2\/media?parent=643662"}],"wp:term":[{"taxonomy":"product_brand","embeddable":true,"href":"https:\/\/shop.kustom.ch\/en\/wp-json\/wp\/v2\/product_brand?post=643662"},{"taxonomy":"product_cat","embeddable":true,"href":"https:\/\/shop.kustom.ch\/en\/wp-json\/wp\/v2\/product_cat?post=643662"},{"taxonomy":"product_tag","embeddable":true,"href":"https:\/\/shop.kustom.ch\/en\/wp-json\/wp\/v2\/product_tag?post=643662"}],"curies":[{"name":"wp","href":"https:\/\/api.w.org\/{rel}","templated":true}]}}