{"id":643612,"date":"2025-04-03T21:50:03","date_gmt":"2025-04-03T20:50:03","guid":{"rendered":"https:\/\/shop.kustom.ch\/?post_type=product&#038;p=643612"},"modified":"2026-03-31T11:25:47","modified_gmt":"2026-03-31T10:25:47","slug":"txlite-flex-pants-woman","status":"publish","type":"product","link":"https:\/\/shop.kustom.ch\/en\/product\/txlite-flex-pants-woman\/","title":{"rendered":"TXlite Flex Pants Woman"},"content":{"rendered":"<p>Extremely comfortable, stylish everyday hiking trousers made from hard-wearing four-way stretch material with adjustable waistband and ankle cuffs, pre-shaped knees and excellent ventilation. With reinforced zones, four zipped pockets and a detachable boot hook that holds the trousers in place. The TXlite range from Tenson consists of lightweight, packable clothing for normal outdoor activities on adventure trips. With PFC-free water-repellent coating.<\/p>\n<p>- Four-way stretch<br \/>\n- Hardwearing<br \/>\n- Quick drying<br \/>\n- Moisture repellent<\/p>\n<p>Material: 92% polyamide, 8% elastane<\/p>","protected":false},"excerpt":{"rendered":"<p>\u00c4usserst bequeme, stylische Alltags-Wanderhose aus strapazierf\u00e4higem Vier-Wege-Stretch-Material mit verstellbarem Taillenbund und Kn\u00f6chelb\u00fcndchen, vorgeformten Knien und ausgezeichneter Bel\u00fcftung. Mit verst\u00e4rkten Zonen, vier Reissverschlusstaschen und einem abnehmbaren Stiefel haken, der die Hose festh\u00e4lt. Die TXlite-Serie von Tenson besteht aus leichter, verpackbarer Bekleidung f\u00fcr normale Outdoor-Aktivit\u00e4ten auf Abenteuerreisen. Mit PFC-freier wasserabweisender Beschichtung. \u2022 Vier-Wege-Stretch \u2022 Strapazierf\u00e4hig \u2022 Schnell [&hellip;]<\/p>\n","protected":false},"featured_media":643664,"template":"","meta":[],"product_brand":[],"product_cat":[4185],"product_tag":[],"class_list":{"0":"post-643612","1":"product","2":"type-product","3":"status-publish","4":"has-post-thumbnail","6":"product_cat-hosen","7":"pa_brand-tenson","8":"pa_brand-type-sportswear","9":"pa_filter-color-blau","10":"pa_filter-color-gruen","11":"pa_filter-color-schwarz","13":"first","14":"instock","15":"sale","16":"taxable","17":"shipping-taxable","18":"purchasable","19":"product-type-variable","20":"add-to-wishlist-before_image"},"exclude_global_add_ons":[],"addons":[],"acf":[],"_links":{"self":[{"href":"https:\/\/shop.kustom.ch\/en\/wp-json\/wp\/v2\/product\/643612"}],"collection":[{"href":"https:\/\/shop.kustom.ch\/en\/wp-json\/wp\/v2\/product"}],"about":[{"href":"https:\/\/shop.kustom.ch\/en\/wp-json\/wp\/v2\/types\/product"}],"wp:featuredmedia":[{"embeddable":true,"href":"https:\/\/shop.kustom.ch\/en\/wp-json\/wp\/v2\/media\/643664"}],"wp:attachment":[{"href":"https:\/\/shop.kustom.ch\/en\/wp-json\/wp\/v2\/media?parent=643612"}],"wp:term":[{"taxonomy":"product_brand","embeddable":true,"href":"https:\/\/shop.kustom.ch\/en\/wp-json\/wp\/v2\/product_brand?post=643612"},{"taxonomy":"product_cat","embeddable":true,"href":"https:\/\/shop.kustom.ch\/en\/wp-json\/wp\/v2\/product_cat?post=643612"},{"taxonomy":"product_tag","embeddable":true,"href":"https:\/\/shop.kustom.ch\/en\/wp-json\/wp\/v2\/product_tag?post=643612"}],"curies":[{"name":"wp","href":"https:\/\/api.w.org\/{rel}","templated":true}]}}