{"id":643566,"date":"2025-04-03T21:49:32","date_gmt":"2025-04-03T20:49:32","guid":{"rendered":"https:\/\/shop.kustom.ch\/?post_type=product&#038;p=643566"},"modified":"2026-04-01T12:02:28","modified_gmt":"2026-04-01T11:02:28","slug":"prime-down-jacket-men","status":"publish","type":"product","link":"https:\/\/shop.kustom.ch\/en\/product\/prime-down-jacket-men\/","title":{"rendered":"Prime Down Jacket Men"},"content":{"rendered":"<p>Our Prime Down ski jacket is made with lightweight, RDS-certified down material (90\/10 down\/feathers, 650 fill power) for cosy warmth and comfort. It is equipped with a cosy, fixed vertical hood to protect you from the cold. The hood, which has a laminated edge, is also equipped with adjustable horizontal drawstrings so you can pull it tighter in icy cold or windy conditions. Elasticated, adjustable wrist cuffs with Velcro fastenings and an adjustable hem keep the warmth in and, together with the articulated sleeves, ensure an optimum fit. The jacket comes with inner Lycra\u00ae cuffs at the sleeve ends and a detachable zipped snow skirt to keep snow out.<\/p>\n<p>- Stretchable<br \/>\n- Windproof<br \/>\n- PFC-free, water-repellent coating<\/p>\n<p>Material: Material: 100% polyester. Lining: 100% polyester. Filling: RDS-certified down, 90% down, 10% feathers<\/p>","protected":false},"excerpt":{"rendered":"<p>Unsere Prime Down Skijacke ist mit leichtem, RDS-zertifiziertem Daunenmaterial (90\/10 Daunen\/Federn, 650 F\u00fcllkraft) gefertigt, um f\u00fcr angenehme W\u00e4rme und Komfort zu sorgen. Sie ist mit einer gem\u00fctlichen, festen vertikalen Kapuze ausgestattet, um Sie vor der K\u00e4lte zu sch\u00fctzen. Die Kapuze, die einen laminierten Rand hat, ist auch mit verstellbaren horizontalen Kordelz\u00fcgen ausgestattet, sodass Sie sie [&hellip;]<\/p>\n","protected":false},"featured_media":643596,"template":"","meta":[],"product_brand":[],"product_cat":[4186],"product_tag":[],"class_list":{"0":"post-643566","1":"product","2":"type-product","3":"status-publish","4":"has-post-thumbnail","6":"product_cat-jacken","7":"pa_brand-tenson","8":"pa_brand-type-sportswear","9":"pa_filter-color-blau","10":"pa_filter-color-schwarz","12":"first","13":"instock","14":"sale","15":"taxable","16":"shipping-taxable","17":"purchasable","18":"product-type-variable","19":"add-to-wishlist-before_image"},"exclude_global_add_ons":[],"addons":[],"acf":[],"_links":{"self":[{"href":"https:\/\/shop.kustom.ch\/en\/wp-json\/wp\/v2\/product\/643566"}],"collection":[{"href":"https:\/\/shop.kustom.ch\/en\/wp-json\/wp\/v2\/product"}],"about":[{"href":"https:\/\/shop.kustom.ch\/en\/wp-json\/wp\/v2\/types\/product"}],"wp:featuredmedia":[{"embeddable":true,"href":"https:\/\/shop.kustom.ch\/en\/wp-json\/wp\/v2\/media\/643596"}],"wp:attachment":[{"href":"https:\/\/shop.kustom.ch\/en\/wp-json\/wp\/v2\/media?parent=643566"}],"wp:term":[{"taxonomy":"product_brand","embeddable":true,"href":"https:\/\/shop.kustom.ch\/en\/wp-json\/wp\/v2\/product_brand?post=643566"},{"taxonomy":"product_cat","embeddable":true,"href":"https:\/\/shop.kustom.ch\/en\/wp-json\/wp\/v2\/product_cat?post=643566"},{"taxonomy":"product_tag","embeddable":true,"href":"https:\/\/shop.kustom.ch\/en\/wp-json\/wp\/v2\/product_tag?post=643566"}],"curies":[{"name":"wp","href":"https:\/\/api.w.org\/{rel}","templated":true}]}}