{"id":643516,"date":"2025-04-03T21:49:03","date_gmt":"2025-04-03T20:49:03","guid":{"rendered":"https:\/\/shop.kustom.ch\/?post_type=product&#038;p=643516"},"modified":"2026-03-31T11:28:08","modified_gmt":"2026-03-31T10:28:08","slug":"misty-parka-women","status":"publish","type":"product","link":"https:\/\/shop.kustom.ch\/en\/product\/misty-parka-women\/","title":{"rendered":"Misty Parka Women"},"content":{"rendered":"<p>The Misty Shell Parka is a waterproof 2.5-layer parka for women with taped seams and Tenson's proprietary MPC Extreme technology (WP 10,000mm \/ MP 10,000 g\/m2\/24h) and is therefore very effectively waterproof and exceptionally breathable. The soft, stretchy fabric allows great freedom of movement. Misty has a detachable hood, and both the hood and the sleeves can be adjusted to achieve the ideal fit.<\/p>\n<p>- MPC Extreme Shell<br \/>\n- 2.5-layer stretch<br \/>\n- WP 10 000 mm, MP 10 000 gr\/m2\/24h<br \/>\n- PFC-free water-repellent coating<\/p>\n<p>Material: 50% recycled polyester, 50% polyester<\/p>","protected":false},"excerpt":{"rendered":"<p>Der Misty Shell Parka ist ein wasserdichter 2,5-Lagen-Parka f\u00fcr Damen mit versiegelten N\u00e4hten und Tensons propriet\u00e4rer MPC Extreme-Technologie (WP 10.000mm \/ MP 10.000 g\/m2\/24h) und daher sehr effektiv wasserdicht und aussergew\u00f6hnlich atmungsaktiv. Der weiche, dehnbare Stoff erm\u00f6glicht eine grosse Bewegungsfreiheit. Misty hat eine abnehmbare Kapuze, und sowohl die Kapuze als auch die \u00c4rmel k\u00f6nnen verstellt [&hellip;]<\/p>\n","protected":false},"featured_media":643582,"template":"","meta":[],"product_brand":[],"product_cat":[4186],"product_tag":[],"class_list":{"0":"post-643516","1":"product","2":"type-product","3":"status-publish","4":"has-post-thumbnail","6":"product_cat-jacken","7":"pa_brand-tenson","8":"pa_brand-type-sportswear","9":"pa_filter-color-blau","10":"pa_filter-color-schwarz","12":"first","13":"instock","14":"sale","15":"taxable","16":"shipping-taxable","17":"purchasable","18":"product-type-variable","19":"add-to-wishlist-before_image"},"exclude_global_add_ons":[],"addons":[],"acf":[],"_links":{"self":[{"href":"https:\/\/shop.kustom.ch\/en\/wp-json\/wp\/v2\/product\/643516"}],"collection":[{"href":"https:\/\/shop.kustom.ch\/en\/wp-json\/wp\/v2\/product"}],"about":[{"href":"https:\/\/shop.kustom.ch\/en\/wp-json\/wp\/v2\/types\/product"}],"wp:featuredmedia":[{"embeddable":true,"href":"https:\/\/shop.kustom.ch\/en\/wp-json\/wp\/v2\/media\/643582"}],"wp:attachment":[{"href":"https:\/\/shop.kustom.ch\/en\/wp-json\/wp\/v2\/media?parent=643516"}],"wp:term":[{"taxonomy":"product_brand","embeddable":true,"href":"https:\/\/shop.kustom.ch\/en\/wp-json\/wp\/v2\/product_brand?post=643516"},{"taxonomy":"product_cat","embeddable":true,"href":"https:\/\/shop.kustom.ch\/en\/wp-json\/wp\/v2\/product_cat?post=643516"},{"taxonomy":"product_tag","embeddable":true,"href":"https:\/\/shop.kustom.ch\/en\/wp-json\/wp\/v2\/product_tag?post=643516"}],"curies":[{"name":"wp","href":"https:\/\/api.w.org\/{rel}","templated":true}]}}