{"id":643515,"date":"2025-04-03T21:49:03","date_gmt":"2025-04-03T20:49:03","guid":{"rendered":"https:\/\/shop.kustom.ch\/?post_type=product&#038;p=643515"},"modified":"2026-03-31T11:24:52","modified_gmt":"2026-03-31T10:24:52","slug":"himalaya-shell-extreme-x-jacket-women","status":"publish","type":"product","link":"https:\/\/shop.kustom.ch\/en\/product\/himalaya-shell-extreme-x-jacket-women\/","title":{"rendered":"Himalaya Shell Extreme X Jacket Women"},"content":{"rendered":"<p>The Himalaya Shell MPC Extreme Jacket is a waterproof shell jacket with Tenson's own MPC Extreme technology (WP 20000mm \/ MP 20000g\/m\u00b2\/24h), which combines a lightweight design with extreme waterproofness and exceptional breathability. It offers numerous functions: an adjustable hem, pre-shaped sleeves, water-repellent zips, ventilation, practical pockets and much more. It is also equipped with the RECCO\u00ae rescue system and has a PFC-free, water-repellent coating.<\/p>\n<p>Material: Outer material: 100% recycled polyester.<\/p>","protected":false},"excerpt":{"rendered":"<p>Die Himalaya Shell MPC Extreme Jacket ist eine wasserdichte Shelljacke mit Tensons eigener MPC Extreme-Technologie (WP 20000mm \/ MP 20000g\/m\u00b2\/24h), die ein leichtes Design mit extremer Wasserdichtigkeit und aussergew\u00f6hnlicher Atmungsaktivit\u00e4t kombiniert. Sie bietet zahlreiche Funktionen: einen verstellbaren Saum, vorgeformte \u00c4rmel, wasserabweisende Reissverschl\u00fcsse, Bel\u00fcftung, praktische Taschen und vieles mehr. Zudem ist sie mit dem RECCO\u00ae-Rettungssystem ausgestattet [&hellip;]<\/p>\n","protected":false},"featured_media":643576,"template":"","meta":[],"product_brand":[],"product_cat":[4186],"product_tag":[],"class_list":{"0":"post-643515","1":"product","2":"type-product","3":"status-publish","4":"has-post-thumbnail","6":"product_cat-jacken","7":"pa_brand-tenson","8":"pa_brand-type-sportswear","9":"pa_filter-color-grau","11":"first","12":"instock","13":"sale","14":"taxable","15":"shipping-taxable","16":"purchasable","17":"product-type-variable","18":"add-to-wishlist-before_image"},"exclude_global_add_ons":[],"addons":[],"acf":[],"_links":{"self":[{"href":"https:\/\/shop.kustom.ch\/en\/wp-json\/wp\/v2\/product\/643515"}],"collection":[{"href":"https:\/\/shop.kustom.ch\/en\/wp-json\/wp\/v2\/product"}],"about":[{"href":"https:\/\/shop.kustom.ch\/en\/wp-json\/wp\/v2\/types\/product"}],"wp:featuredmedia":[{"embeddable":true,"href":"https:\/\/shop.kustom.ch\/en\/wp-json\/wp\/v2\/media\/643576"}],"wp:attachment":[{"href":"https:\/\/shop.kustom.ch\/en\/wp-json\/wp\/v2\/media?parent=643515"}],"wp:term":[{"taxonomy":"product_brand","embeddable":true,"href":"https:\/\/shop.kustom.ch\/en\/wp-json\/wp\/v2\/product_brand?post=643515"},{"taxonomy":"product_cat","embeddable":true,"href":"https:\/\/shop.kustom.ch\/en\/wp-json\/wp\/v2\/product_cat?post=643515"},{"taxonomy":"product_tag","embeddable":true,"href":"https:\/\/shop.kustom.ch\/en\/wp-json\/wp\/v2\/product_tag?post=643515"}],"curies":[{"name":"wp","href":"https:\/\/api.w.org\/{rel}","templated":true}]}}