{"id":643473,"date":"2025-04-03T21:48:31","date_gmt":"2025-04-03T20:48:31","guid":{"rendered":"https:\/\/shop.kustom.ch\/?post_type=product&#038;p=643473"},"modified":"2026-03-31T11:25:58","modified_gmt":"2026-03-31T10:25:58","slug":"cygnus-softshell-skipants-men","status":"publish","type":"product","link":"https:\/\/shop.kustom.ch\/en\/product\/cygnus-softshell-skipants-men\/","title":{"rendered":"Cygnus Softshell SkiPants Men"},"content":{"rendered":"<p>Our Cygnus softshell trousers are windproof, water-repellent and extremely breathable. They dry quickly and are made from four-way stretch material to allow maximum freedom of movement. They are well reinforced and have an adjustable waistband and adjustable ankles to ensure a perfect fit. The softshell trousers have zips at the ankles to allow them to fit over shoes and ski boots.<\/p>\n<p>- Softshell<br \/>\n- Water column 10 000 mm<br \/>\n- Breathability 5 000 g\/m\u00b2\/24h<br \/>\n- PFC-free water-repellent coating<\/p>\n<p>Material: 88% polyester, 12% elastane<\/p>","protected":false},"excerpt":{"rendered":"<p>Unsere Cygnus Softshell-Hose ist wind- und wasserabweisend sowie \u00e4usserst atmungsaktiv. Sie trocknet schnell und ist aus Vier-Wege-Stretch-Material gefertigt, um maximale Bewegungsfreiheit zu erm\u00f6glichen. Sie sind gut verst\u00e4rkt und haben einen verstellbaren Bund und verstellbare Kn\u00f6chel, um eine perfekte Passform zu gew\u00e4hrleisten. Die Softshell-Hose hat Reissverschl\u00fcsse an den Kn\u00f6cheln, damit sie \u00fcber Schuhe und Skistiefel passen. [&hellip;]<\/p>\n","protected":false},"featured_media":643490,"template":"","meta":[],"product_brand":[],"product_cat":[4185],"product_tag":[],"class_list":{"0":"post-643473","1":"product","2":"type-product","3":"status-publish","4":"has-post-thumbnail","6":"product_cat-hosen","7":"pa_brand-tenson","8":"pa_brand-type-sportswear","9":"pa_filter-color-schwarz","11":"first","12":"outofstock","13":"sale","14":"taxable","15":"shipping-taxable","16":"purchasable","17":"product-type-variable","18":"add-to-wishlist-before_image"},"exclude_global_add_ons":[],"addons":[],"acf":[],"_links":{"self":[{"href":"https:\/\/shop.kustom.ch\/en\/wp-json\/wp\/v2\/product\/643473"}],"collection":[{"href":"https:\/\/shop.kustom.ch\/en\/wp-json\/wp\/v2\/product"}],"about":[{"href":"https:\/\/shop.kustom.ch\/en\/wp-json\/wp\/v2\/types\/product"}],"wp:featuredmedia":[{"embeddable":true,"href":"https:\/\/shop.kustom.ch\/en\/wp-json\/wp\/v2\/media\/643490"}],"wp:attachment":[{"href":"https:\/\/shop.kustom.ch\/en\/wp-json\/wp\/v2\/media?parent=643473"}],"wp:term":[{"taxonomy":"product_brand","embeddable":true,"href":"https:\/\/shop.kustom.ch\/en\/wp-json\/wp\/v2\/product_brand?post=643473"},{"taxonomy":"product_cat","embeddable":true,"href":"https:\/\/shop.kustom.ch\/en\/wp-json\/wp\/v2\/product_cat?post=643473"},{"taxonomy":"product_tag","embeddable":true,"href":"https:\/\/shop.kustom.ch\/en\/wp-json\/wp\/v2\/product_tag?post=643473"}],"curies":[{"name":"wp","href":"https:\/\/api.w.org\/{rel}","templated":true}]}}