{"id":643408,"date":"2025-04-03T21:48:05","date_gmt":"2025-04-03T20:48:05","guid":{"rendered":"https:\/\/shop.kustom.ch\/?post_type=product&#038;p=643408"},"modified":"2026-03-31T11:25:52","modified_gmt":"2026-03-31T10:25:52","slug":"core-skipants-men","status":"publish","type":"product","link":"https:\/\/shop.kustom.ch\/en\/product\/core-skipants-men\/","title":{"rendered":"Core SkiPants Men"},"content":{"rendered":"<p>The Core SkiPants are flexible ski trousers that can be adapted for every activity and occasion. Featuring Tenson's own MPC Plus technology, taped seams and water-repellent zips that make them wind and waterproof, with a PFC-free, water-repellent finish. Wear the braces for intense skiing when everything needs to stay perfectly in place, or remove them for quieter days or other outdoor activities. The Core MPC Plus trousers also have various practical features to make them smart-looking and functional ski trousers. An adjustable waistband and pre-shaped knees contribute to a better fit. The pockets are lined with fleece for extra comfort and there is an additional zipped thigh pocket. For easy donning, the trousers have large zips at the ankles, which also have snow gaiters to keep them snug between trousers and ski boots. With taped seams, light padding and waterproofing, these ski trousers allow you to stay active all day without feeling excess heat.<\/p>\n<p>- MPC Plus<br \/>\n- Waterproofness 8 000 mm<br \/>\n- Breathability 8 000 g\/m\u00b2\/24h<br \/>\n- PFC-free water-repellent coating<\/p>\n<p>Material: 33% recycled polyester, 67% polyester. Lining: 100% polyester. Padding: 100 % polyester<\/p>","protected":false},"excerpt":{"rendered":"<p>Die Core SkiPants ist eine flexible Skihose, die sich f\u00fcr jede Aktivit\u00e4t und Gelegenheit anpassen l\u00e4sst. Ausgestattet mit Tenson\u2019s eigener MPC Plus-Technologie, verschweissten N\u00e4hten und wasserabweisenden Reissverschl\u00fcssen, die sie wind- und wasserdicht machen, mit einer PFC-freien, wasserabweisenden Oberfl\u00e4che. Tragen Sie die Hosentr\u00e4ger f\u00fcr intensives Skifahren, wenn alles perfekt an seinem Platz bleiben muss, oder entfernen [&hellip;]<\/p>\n","protected":false},"featured_media":643471,"template":"","meta":[],"product_brand":[],"product_cat":[4185],"product_tag":[],"class_list":{"0":"post-643408","1":"product","2":"type-product","3":"status-publish","4":"has-post-thumbnail","6":"product_cat-hosen","7":"pa_brand-tenson","8":"pa_brand-type-sportswear","9":"pa_filter-color-schwarz","11":"first","12":"instock","13":"sale","14":"taxable","15":"shipping-taxable","16":"purchasable","17":"product-type-variable","18":"add-to-wishlist-before_image"},"exclude_global_add_ons":[],"addons":[],"acf":[],"_links":{"self":[{"href":"https:\/\/shop.kustom.ch\/en\/wp-json\/wp\/v2\/product\/643408"}],"collection":[{"href":"https:\/\/shop.kustom.ch\/en\/wp-json\/wp\/v2\/product"}],"about":[{"href":"https:\/\/shop.kustom.ch\/en\/wp-json\/wp\/v2\/types\/product"}],"wp:featuredmedia":[{"embeddable":true,"href":"https:\/\/shop.kustom.ch\/en\/wp-json\/wp\/v2\/media\/643471"}],"wp:attachment":[{"href":"https:\/\/shop.kustom.ch\/en\/wp-json\/wp\/v2\/media?parent=643408"}],"wp:term":[{"taxonomy":"product_brand","embeddable":true,"href":"https:\/\/shop.kustom.ch\/en\/wp-json\/wp\/v2\/product_brand?post=643408"},{"taxonomy":"product_cat","embeddable":true,"href":"https:\/\/shop.kustom.ch\/en\/wp-json\/wp\/v2\/product_cat?post=643408"},{"taxonomy":"product_tag","embeddable":true,"href":"https:\/\/shop.kustom.ch\/en\/wp-json\/wp\/v2\/product_tag?post=643408"}],"curies":[{"name":"wp","href":"https:\/\/api.w.org\/{rel}","templated":true}]}}