{"id":640497,"date":"2025-03-22T04:09:55","date_gmt":"2025-03-22T03:09:55","guid":{"rendered":"https:\/\/shop.kustom.ch\/?post_type=product&#038;p=640497"},"modified":"2026-03-27T15:59:27","modified_gmt":"2026-03-27T14:59:27","slug":"ultra-trail-2-w","status":"publish","type":"product","link":"https:\/\/shop.kustom.ch\/en\/product\/ultra-trail-2-w\/","title":{"rendered":"Ultra Trail 2 W"},"content":{"rendered":"<p>The Ultra Trail 2 is a first-class speed hiking shoe with excellent grip that is convincing on a variety of terrain surfaces.<\/p>\n<p>This technically advanced trail shoe combines a specially developed Ud-Foam\u2122 midsole with a soft Ultra Rebound\u2122 sockliner for maximum energy return and comfort. It also features a Vibram Megagrip traction outsole that sets a new standard in terms of grip and versatility on the toughest terrain. In addition, the nylon upper is extremely durable yet lightweight and flexible, and the seamless TPU overlay protects your feet from the trail elements without sacrificing speed and feel. The Ultra Trail 2 is the complete package for battling the elements.<\/p>\n<p>Ud Foam\u2122<br \/>\nUd Foam\u2122 is a lightweight and durable midsole foam that provides consistent propulsion for long distance speed hiking. This EVA-based foam has a unique chemical compound for improved rebound and durability. Fast, light and durable are the main characteristics of this high-quality midsole foam.<\/p>\n<p>Vibram Megagrip outsole<br \/>\nVibram Megagrip is an extremely durable high-performance rubber compound that offers excellent grip on both dry and wet surfaces. This innovative traction outsole sets a new standard in terms of speed and versatility on the toughest terrain.<\/p>\n<p>- One-piece upper made from technical mesh fabric, 80 % of which is made from recycled materials<br \/>\n- Ud-Foam\u2122 midsole: lightweight, ultra-high energy return, ultra-durable<br \/>\n- Ultra Rebound\u2122 insole for maximum energy return to the foot<br \/>\n- Vibram Megagrip traction outsole<br \/>\n- Shoelaces made from 100 % recycled material<br \/>\n- Insole foam made from 30 % recycled material<br \/>\n- Relatively tight fit<br \/>\n\u2022 Gewicht: 290 g in Gr\u00f6sse UK5<br \/>\n\u2022 Absatz 39 mm, Vorfuss 29 mm inkl. Einlegesohle<br \/>\n- Countersink: 10 mm<\/p>\n<p>Material: Upper 59% Polyester, 37% Thermoplastic urethanes, 3% Spandex, 1% Nylon, Padding 100% Polyester, Lining 100% Polyester, Insole Board 75% Recycled Polyester, 25% Polyester, Insole 100% Polyester, Laces 100% Polyester, Midsole 100% EVA Foam, Outsole 100% Rubber<\/p>","protected":false},"excerpt":{"rendered":"<p>Der Ultra Trail 2 ist ein erstklassiger Speed-Hiking-Schuh mit hervorragendem Grip, der auf unterschiedlichen Gel\u00e4ndeoberfl\u00e4chen \u00fcberzeugt. Dieser technisch fortschrittliche Trailschuh kombiniert eine speziell entwickelte Ud-Foam\u2122-Zwischensohle mit einer weichen Ultra Rebound\u2122-Einlegesohle f\u00fcr maximale Energier\u00fcckgabe und Komfort. Es verf\u00fcgt ausserdem \u00fcber eine Vibram-Megagrip-Traktionslaufsohle, die einen neuen Standard in puncto Griffigkeit und Vielseitigkeit auf dem h\u00e4rtesten Gel\u00e4nde setzt. [&hellip;]<\/p>\n","protected":false},"featured_media":706524,"template":"","meta":[],"product_brand":[],"product_cat":[4197],"product_tag":[],"class_list":{"0":"post-640497","1":"product","2":"type-product","3":"status-publish","4":"has-post-thumbnail","6":"product_cat-schuhe-sandalen","7":"pa_brand-craft","8":"pa_brand-type-sportswear","9":"pa_filter-color-gruen","11":"first","12":"instock","13":"sale","14":"taxable","15":"shipping-taxable","16":"purchasable","17":"product-type-variable","18":"add-to-wishlist-before_image"},"exclude_global_add_ons":[],"addons":[],"acf":[],"_links":{"self":[{"href":"https:\/\/shop.kustom.ch\/en\/wp-json\/wp\/v2\/product\/640497"}],"collection":[{"href":"https:\/\/shop.kustom.ch\/en\/wp-json\/wp\/v2\/product"}],"about":[{"href":"https:\/\/shop.kustom.ch\/en\/wp-json\/wp\/v2\/types\/product"}],"wp:featuredmedia":[{"embeddable":true,"href":"https:\/\/shop.kustom.ch\/en\/wp-json\/wp\/v2\/media\/706524"}],"wp:attachment":[{"href":"https:\/\/shop.kustom.ch\/en\/wp-json\/wp\/v2\/media?parent=640497"}],"wp:term":[{"taxonomy":"product_brand","embeddable":true,"href":"https:\/\/shop.kustom.ch\/en\/wp-json\/wp\/v2\/product_brand?post=640497"},{"taxonomy":"product_cat","embeddable":true,"href":"https:\/\/shop.kustom.ch\/en\/wp-json\/wp\/v2\/product_cat?post=640497"},{"taxonomy":"product_tag","embeddable":true,"href":"https:\/\/shop.kustom.ch\/en\/wp-json\/wp\/v2\/product_tag?post=640497"}],"curies":[{"name":"wp","href":"https:\/\/api.w.org\/{rel}","templated":true}]}}