{"id":640460,"date":"2025-03-22T04:09:13","date_gmt":"2025-03-22T03:09:13","guid":{"rendered":"https:\/\/shop.kustom.ch\/?post_type=product&#038;p=640460"},"modified":"2026-03-27T14:01:50","modified_gmt":"2026-03-27T13:01:50","slug":"squad-go-pant-m","status":"publish","type":"product","link":"https:\/\/shop.kustom.ch\/en\/product\/squad-go-pant-m\/","title":{"rendered":"Squad Go Pant M"},"content":{"rendered":"<p>The Squad Go Pants are functional and hard-wearing training trousers that fit perfectly into any team's wardrobe.<\/p>\n<p>These versatile and durable teamwear trousers are made from hard-wearing and recycled polyester fabric and ensure excellent moisture transport during intensive training sessions. An athletic fit ensures freedom of movement, while an elasticated waistband with drawstring allows for a customised fit. In addition, the training trousers have two side pockets and a clear design and offer plenty of space for club and sponsor logos.<\/p>\n<p>- Durable fabric made from recycled polyester<br \/>\n- Elasticated waistband with drawstring<br \/>\n- Two side pockets<br \/>\n- Clear design<br \/>\n- Normal fit<\/p>\n<p>Material: 100% recycled polyester<\/p>","protected":false},"excerpt":{"rendered":"<p>Die Squad Go Pants sind funktionelle und strapazierf\u00e4hige Trainingshosen, die perfekt in die Garderobe eines jeden Teams passen. Diese vielseitigen und langlebigen Teamwear-Hosen sind aus strapazierf\u00e4higem und recyceltem Polyestergewebe gefertigt und gew\u00e4hrleisten bei intensiven Trainingseinheiten einen hervorragenden Feuchtigkeitstransport. Eine athletische Passform sorgt f\u00fcr Bewegungsfreiheit, w\u00e4hrend ein elastischer Bund mit Kordelzug eine individuelle Passform erm\u00f6glicht. Dar\u00fcber [&hellip;]<\/p>\n","protected":false},"featured_media":482100,"template":"","meta":[],"product_brand":[],"product_cat":[4185],"product_tag":[],"class_list":{"0":"post-640460","1":"product","2":"type-product","3":"status-publish","4":"has-post-thumbnail","6":"product_cat-hosen","7":"pa_brand-craft-teamwear","8":"pa_brand-type-sportswear","9":"pa_filter-color-blau","10":"pa_filter-color-schwarz","12":"first","13":"instock","14":"sale","15":"taxable","16":"shipping-taxable","17":"purchasable","18":"product-type-variable","19":"add-to-wishlist-before_image"},"exclude_global_add_ons":[],"addons":[],"acf":[],"_links":{"self":[{"href":"https:\/\/shop.kustom.ch\/en\/wp-json\/wp\/v2\/product\/640460"}],"collection":[{"href":"https:\/\/shop.kustom.ch\/en\/wp-json\/wp\/v2\/product"}],"about":[{"href":"https:\/\/shop.kustom.ch\/en\/wp-json\/wp\/v2\/types\/product"}],"wp:featuredmedia":[{"embeddable":true,"href":"https:\/\/shop.kustom.ch\/en\/wp-json\/wp\/v2\/media\/482100"}],"wp:attachment":[{"href":"https:\/\/shop.kustom.ch\/en\/wp-json\/wp\/v2\/media?parent=640460"}],"wp:term":[{"taxonomy":"product_brand","embeddable":true,"href":"https:\/\/shop.kustom.ch\/en\/wp-json\/wp\/v2\/product_brand?post=640460"},{"taxonomy":"product_cat","embeddable":true,"href":"https:\/\/shop.kustom.ch\/en\/wp-json\/wp\/v2\/product_cat?post=640460"},{"taxonomy":"product_tag","embeddable":true,"href":"https:\/\/shop.kustom.ch\/en\/wp-json\/wp\/v2\/product_tag?post=640460"}],"curies":[{"name":"wp","href":"https:\/\/api.w.org\/{rel}","templated":true}]}}