{"id":640274,"date":"2025-03-22T04:08:05","date_gmt":"2025-03-22T03:08:05","guid":{"rendered":"https:\/\/shop.kustom.ch\/?post_type=product&#038;p=640274"},"modified":"2026-03-27T14:24:03","modified_gmt":"2026-03-27T13:24:03","slug":"squad-go-function-tee-m","status":"publish","type":"product","link":"https:\/\/shop.kustom.ch\/en\/product\/squad-go-function-tee-m\/","title":{"rendered":"Squad Go Function Tee M"},"content":{"rendered":"<p>The Squad Go Function Tee is made from soft, lightweight and quick-drying fabric that ensures efficient moisture transport and high comfort. This functional T-shirt is ideal for most team sports and is perfect for boosting team spirit. In addition, the clear design offers plenty of space for crests and sponsor logos.<\/p>\n<p>- Lightweight and quick-drying fabric made from recycled polyester<br \/>\n- Clear design for coats of arms and logos<br \/>\n- Normal fit<\/p>\n<p>Material: 100% recycled polyester<\/p>","protected":false},"excerpt":{"rendered":"<p>Das Squad Go Function Tee besteht aus weichem, leichtem und schnell trocknendem Stoff, der effizienten Feuchtigkeitstransport und hohen Komfort gew\u00e4hrleistet. Dieses funktionelle T-Shirt ist ideal f\u00fcr die meisten Mannschaftssportarten und eignet sich perfekt zur St\u00e4rkung des Teamgeists. Dar\u00fcber hinaus bietet das klare Design viel Platz f\u00fcr Wappen und Sponsorenlogos. \u2022 Leichter und schnell trocknender Stoff [&hellip;]<\/p>\n","protected":false},"featured_media":481246,"template":"","meta":[],"product_brand":[],"product_cat":[4201],"product_tag":[],"class_list":{"0":"post-640274","1":"product","2":"type-product","3":"status-publish","4":"has-post-thumbnail","6":"product_cat-t-shirts","7":"pa_brand-craft-teamwear","8":"pa_brand-type-sportswear","9":"pa_filter-color-blau","10":"pa_filter-color-gruen","11":"pa_filter-color-rot","12":"pa_filter-color-schwarz","13":"pa_filter-color-weiss","15":"first","16":"instock","17":"sale","18":"taxable","19":"shipping-taxable","20":"purchasable","21":"product-type-variable","22":"add-to-wishlist-before_image"},"exclude_global_add_ons":[],"addons":[],"acf":[],"_links":{"self":[{"href":"https:\/\/shop.kustom.ch\/en\/wp-json\/wp\/v2\/product\/640274"}],"collection":[{"href":"https:\/\/shop.kustom.ch\/en\/wp-json\/wp\/v2\/product"}],"about":[{"href":"https:\/\/shop.kustom.ch\/en\/wp-json\/wp\/v2\/types\/product"}],"wp:featuredmedia":[{"embeddable":true,"href":"https:\/\/shop.kustom.ch\/en\/wp-json\/wp\/v2\/media\/481246"}],"wp:attachment":[{"href":"https:\/\/shop.kustom.ch\/en\/wp-json\/wp\/v2\/media?parent=640274"}],"wp:term":[{"taxonomy":"product_brand","embeddable":true,"href":"https:\/\/shop.kustom.ch\/en\/wp-json\/wp\/v2\/product_brand?post=640274"},{"taxonomy":"product_cat","embeddable":true,"href":"https:\/\/shop.kustom.ch\/en\/wp-json\/wp\/v2\/product_cat?post=640274"},{"taxonomy":"product_tag","embeddable":true,"href":"https:\/\/shop.kustom.ch\/en\/wp-json\/wp\/v2\/product_tag?post=640274"}],"curies":[{"name":"wp","href":"https:\/\/api.w.org\/{rel}","templated":true}]}}