{"id":640172,"date":"2025-03-22T04:06:50","date_gmt":"2025-03-22T03:06:50","guid":{"rendered":"https:\/\/shop.kustom.ch\/?post_type=product&#038;p=640172"},"modified":"2026-03-27T13:48:48","modified_gmt":"2026-03-27T12:48:48","slug":"rush-2-0-training-pants-m","status":"publish","type":"product","link":"https:\/\/shop.kustom.ch\/en\/product\/rush-2-0-training-pants-m\/","title":{"rendered":"Rush 2.0 Training Pants M"},"content":{"rendered":"<p>The Rush 2.0 Training Pants are functional training trousers made from a stretchy, woven fabric that ensures efficient moisture transport during intensive training sessions. The 2.0 version has been updated with a new material with higher elasticity for greater freedom of movement and comfort. Made from recycled polyester, this garment belongs to the new generation of sportswear with a lower environmental footprint. In addition, the trousers have two side pockets and a zip at the leg ends for easy on and off. Perfect for branding with club, sponsor or company logos.<\/p>\n<p>- Woven fabric made from recycled polyester<br \/>\n- Updated with a new, more elastic material<br \/>\n- Drawstring at the hem for a perfect fit<br \/>\n- Two side pockets<br \/>\n- Side zip at the leg ends<br \/>\n- Clear design<\/p>\n<p>Material: 100% recycled polyester<\/p>","protected":false},"excerpt":{"rendered":"<p>Die Rush 2.0 Training Pants sind funktionelle Trainingshosen aus einem dehnbaren, gewebten Stoff, der bei intensiven Trainingseinheiten einen effizienten Feuchtigkeitstransport gew\u00e4hrleistet. Die Version 2.0 wurde mit einem neuen Material mit h\u00f6herer Elastizit\u00e4t f\u00fcr mehr Bewegungsfreiheit und mehr Komfort aktualisiert. Dieses aus recyceltem Polyester gefertigte Kleidungsst\u00fcck geh\u00f6rt zur neuen Generation von Sportbekleidung mit einem geringeren \u00f6kologischen [&hellip;]<\/p>\n","protected":false},"featured_media":478896,"template":"","meta":[],"product_brand":[],"product_cat":[4185],"product_tag":[],"class_list":{"0":"post-640172","1":"product","2":"type-product","3":"status-publish","4":"has-post-thumbnail","6":"product_cat-hosen","7":"pa_brand-craft-teamwear","8":"pa_brand-type-sportswear","9":"pa_filter-color-blau","10":"pa_filter-color-schwarz","12":"first","13":"instock","14":"sale","15":"taxable","16":"shipping-taxable","17":"purchasable","18":"product-type-variable","19":"add-to-wishlist-before_image"},"exclude_global_add_ons":[],"addons":[],"acf":[],"_links":{"self":[{"href":"https:\/\/shop.kustom.ch\/en\/wp-json\/wp\/v2\/product\/640172"}],"collection":[{"href":"https:\/\/shop.kustom.ch\/en\/wp-json\/wp\/v2\/product"}],"about":[{"href":"https:\/\/shop.kustom.ch\/en\/wp-json\/wp\/v2\/types\/product"}],"wp:featuredmedia":[{"embeddable":true,"href":"https:\/\/shop.kustom.ch\/en\/wp-json\/wp\/v2\/media\/478896"}],"wp:attachment":[{"href":"https:\/\/shop.kustom.ch\/en\/wp-json\/wp\/v2\/media?parent=640172"}],"wp:term":[{"taxonomy":"product_brand","embeddable":true,"href":"https:\/\/shop.kustom.ch\/en\/wp-json\/wp\/v2\/product_brand?post=640172"},{"taxonomy":"product_cat","embeddable":true,"href":"https:\/\/shop.kustom.ch\/en\/wp-json\/wp\/v2\/product_cat?post=640172"},{"taxonomy":"product_tag","embeddable":true,"href":"https:\/\/shop.kustom.ch\/en\/wp-json\/wp\/v2\/product_tag?post=640172"}],"curies":[{"name":"wp","href":"https:\/\/api.w.org\/{rel}","templated":true}]}}