{"id":640113,"date":"2025-03-22T04:06:19","date_gmt":"2025-03-22T03:06:19","guid":{"rendered":"https:\/\/shop.kustom.ch\/?post_type=product&#038;p=640113"},"modified":"2026-03-27T13:18:34","modified_gmt":"2026-03-27T12:18:34","slug":"rush-2-0-training-jacket-m","status":"publish","type":"product","link":"https:\/\/shop.kustom.ch\/en\/product\/rush-2-0-training-jacket-m\/","title":{"rendered":"Rush 2.0 Training Jacket M"},"content":{"rendered":"<p>The Rush 2.0 Training Jacket is a functional training jacket made from a stretchy, woven fabric that ensures efficient moisture transport during intensive training sessions. The 2.0 version has been updated with a new material with higher elasticity for greater freedom of movement and comfort. Made from recycled polyester, this garment belongs to the new generation of sportswear with a lower environmental footprint. The jacket also has two side pockets. Perfect for branding with club, sponsor or company logos.<\/p>\n<p>- Woven fabric made from recycled polyester<br \/>\n- Updated with a new, more elastic material<br \/>\n- Two side pockets<br \/>\n- Clear design<\/p>\n<p>Material: 100% recycled polyester<\/p>","protected":false},"excerpt":{"rendered":"<p>Die Rush 2.0 Training Jacket ist eine funktionelle Trainingsjacke aus einem dehnbaren, gewebten Stoff, der bei intensiven Trainingseinheiten f\u00fcr einen effizienten Feuchtigkeitstransport sorgt. Die Version 2.0 wurde mit einem neuen Material mit h\u00f6herer Elastizit\u00e4t f\u00fcr mehr Bewegungsfreiheit und mehr Komfort aktualisiert. Dieses aus recyceltem Polyester gefertigte Kleidungsst\u00fcck geh\u00f6rt zur neuen Generation von Sportbekleidung mit einem [&hellip;]<\/p>\n","protected":false},"featured_media":478793,"template":"","meta":[],"product_brand":[],"product_cat":[4186],"product_tag":[],"class_list":{"0":"post-640113","1":"product","2":"type-product","3":"status-publish","4":"has-post-thumbnail","6":"product_cat-jacken","7":"pa_brand-craft-teamwear","8":"pa_brand-type-sportswear","9":"pa_filter-color-blau","10":"pa_filter-color-gruen","11":"pa_filter-color-rot","12":"pa_filter-color-schwarz","14":"first","15":"instock","16":"sale","17":"taxable","18":"shipping-taxable","19":"purchasable","20":"product-type-variable","21":"add-to-wishlist-before_image"},"exclude_global_add_ons":[],"addons":[],"acf":[],"_links":{"self":[{"href":"https:\/\/shop.kustom.ch\/en\/wp-json\/wp\/v2\/product\/640113"}],"collection":[{"href":"https:\/\/shop.kustom.ch\/en\/wp-json\/wp\/v2\/product"}],"about":[{"href":"https:\/\/shop.kustom.ch\/en\/wp-json\/wp\/v2\/types\/product"}],"wp:featuredmedia":[{"embeddable":true,"href":"https:\/\/shop.kustom.ch\/en\/wp-json\/wp\/v2\/media\/478793"}],"wp:attachment":[{"href":"https:\/\/shop.kustom.ch\/en\/wp-json\/wp\/v2\/media?parent=640113"}],"wp:term":[{"taxonomy":"product_brand","embeddable":true,"href":"https:\/\/shop.kustom.ch\/en\/wp-json\/wp\/v2\/product_brand?post=640113"},{"taxonomy":"product_cat","embeddable":true,"href":"https:\/\/shop.kustom.ch\/en\/wp-json\/wp\/v2\/product_cat?post=640113"},{"taxonomy":"product_tag","embeddable":true,"href":"https:\/\/shop.kustom.ch\/en\/wp-json\/wp\/v2\/product_tag?post=640113"}],"curies":[{"name":"wp","href":"https:\/\/api.w.org\/{rel}","templated":true}]}}