{"id":640111,"date":"2025-03-22T04:06:19","date_gmt":"2025-03-22T03:06:19","guid":{"rendered":"https:\/\/shop.kustom.ch\/?post_type=product&#038;p=640111"},"modified":"2026-03-27T13:54:23","modified_gmt":"2026-03-27T12:54:23","slug":"rush-2-0-training-fz-pants-w","status":"publish","type":"product","link":"https:\/\/shop.kustom.ch\/en\/product\/rush-2-0-training-fz-pants-w\/","title":{"rendered":"Rush 2.0 Training FZ Pants W"},"content":{"rendered":"<p>The Rush 2.0 Training Full Zip Pants are functional training trousers made from a woven, stretchy fabric that ensures efficient moisture transport during intensive training sessions. The 2.0 version has been updated with a new material with higher elasticity for greater freedom of movement and comfort. Made from recycled polyester, this garment belongs to the new generation of sportswear with a lower environmental footprint. In addition, the trousers have two side pockets and a full-length side zip for easy on and off. Perfect for branding with club, sponsor or company logos.<\/p>\n<p>- Woven fabric made from recycled polyester<br \/>\n- Full-length side zip<br \/>\n- Drawstring at the waist for an optimum fit<br \/>\n- Two side pockets<br \/>\n- Normal fit<\/p>\n<p>Material: 100% recycled polyester<\/p>","protected":false},"excerpt":{"rendered":"<p>Die Rush 2.0 Training Full Zip Pants sind funktionelle Trainingshosen aus einem gewebten, dehnbaren Stoff, der bei intensiven Trainingseinheiten einen effizienten Feuchtigkeitstransport gew\u00e4hrleistet. Die Version 2.0 wurde mit einem neuen Material mit h\u00f6herer Elastizit\u00e4t f\u00fcr mehr Bewegungsfreiheit und mehr Komfort aktualisiert. Dieses aus recyceltem Polyester gefertigte Kleidungsst\u00fcck geh\u00f6rt zur neuen Generation von Sportbekleidung mit einem [&hellip;]<\/p>\n","protected":false},"featured_media":482209,"template":"","meta":[],"product_brand":[],"product_cat":[4185],"product_tag":[],"class_list":{"0":"post-640111","1":"product","2":"type-product","3":"status-publish","4":"has-post-thumbnail","6":"product_cat-hosen","7":"pa_brand-craft-teamwear","8":"pa_brand-type-sportswear","9":"pa_filter-color-schwarz","11":"first","12":"instock","13":"sale","14":"taxable","15":"shipping-taxable","16":"purchasable","17":"product-type-variable","18":"add-to-wishlist-before_image"},"exclude_global_add_ons":[],"addons":[],"acf":[],"_links":{"self":[{"href":"https:\/\/shop.kustom.ch\/en\/wp-json\/wp\/v2\/product\/640111"}],"collection":[{"href":"https:\/\/shop.kustom.ch\/en\/wp-json\/wp\/v2\/product"}],"about":[{"href":"https:\/\/shop.kustom.ch\/en\/wp-json\/wp\/v2\/types\/product"}],"wp:featuredmedia":[{"embeddable":true,"href":"https:\/\/shop.kustom.ch\/en\/wp-json\/wp\/v2\/media\/482209"}],"wp:attachment":[{"href":"https:\/\/shop.kustom.ch\/en\/wp-json\/wp\/v2\/media?parent=640111"}],"wp:term":[{"taxonomy":"product_brand","embeddable":true,"href":"https:\/\/shop.kustom.ch\/en\/wp-json\/wp\/v2\/product_brand?post=640111"},{"taxonomy":"product_cat","embeddable":true,"href":"https:\/\/shop.kustom.ch\/en\/wp-json\/wp\/v2\/product_cat?post=640111"},{"taxonomy":"product_tag","embeddable":true,"href":"https:\/\/shop.kustom.ch\/en\/wp-json\/wp\/v2\/product_tag?post=640111"}],"curies":[{"name":"wp","href":"https:\/\/api.w.org\/{rel}","templated":true}]}}