{"id":640073,"date":"2025-03-22T04:05:50","date_gmt":"2025-03-22T03:05:50","guid":{"rendered":"https:\/\/shop.kustom.ch\/?post_type=product&#038;p=640073"},"modified":"2026-03-27T13:43:02","modified_gmt":"2026-03-27T12:43:02","slug":"rush-2-0-tights-w","status":"publish","type":"product","link":"https:\/\/shop.kustom.ch\/en\/product\/rush-2-0-tights-w\/","title":{"rendered":"Rush 2.0 Tights W"},"content":{"rendered":"<p>Rush 2.0 Tights are lightweight and stretchy tights that ensure efficient moisture wicking and great freedom of movement during intense physical activities such as athletics and gymnastics. The 2.0 version has been updated with a new, stronger and more elasticated material that provides more recovery and less transparency. Made from recycled polyester, this garment is part of the new generation of sportswear with a lower environmental footprint. Perfect for branding with club, sponsor or company logos.<\/p>\n<p>- Made from recycled polyester<br \/>\n- Updated with a new, stronger and more elastic material<br \/>\n- Large pullback effect and less transparency<br \/>\n- Wide waistband for optimum comfort<br \/>\n- Drawstring at the hem for a perfect fit<br \/>\n- Clear design<\/p>\n<p>Material: 72% recycled polyester, 28% elastane<\/p>","protected":false},"excerpt":{"rendered":"<p>Rush 2.0 Tights sind leichte und elastische Strumpfhosen, die einen effizienten Feuchtigkeitstransport und grosse Bewegungsfreiheit bei intensiven k\u00f6rperlichen Aktivit\u00e4ten wie Leichtathletik und Gymnastik gew\u00e4hrleisten. Die Version 2.0 wurde mit einem neuen, st\u00e4rkeren und elastischeren Material aktualisiert, das f\u00fcr mehr R\u00fcckzug und weniger Transparenz sorgt. Dieses aus recyceltem Polyester gefertigte Kleidungsst\u00fcck geh\u00f6rt zur neuen Generation von [&hellip;]<\/p>\n","protected":false},"featured_media":478763,"template":"","meta":[],"product_brand":[],"product_cat":[4190],"product_tag":[],"class_list":{"0":"post-640073","1":"product","2":"type-product","3":"status-publish","4":"has-post-thumbnail","6":"product_cat-leggings","7":"pa_brand-craft-teamwear","8":"pa_brand-type-sportswear","9":"pa_filter-color-blau","10":"pa_filter-color-schwarz","12":"first","13":"instock","14":"sale","15":"taxable","16":"shipping-taxable","17":"purchasable","18":"product-type-variable","19":"add-to-wishlist-before_image"},"exclude_global_add_ons":[],"addons":[],"acf":[],"_links":{"self":[{"href":"https:\/\/shop.kustom.ch\/en\/wp-json\/wp\/v2\/product\/640073"}],"collection":[{"href":"https:\/\/shop.kustom.ch\/en\/wp-json\/wp\/v2\/product"}],"about":[{"href":"https:\/\/shop.kustom.ch\/en\/wp-json\/wp\/v2\/types\/product"}],"wp:featuredmedia":[{"embeddable":true,"href":"https:\/\/shop.kustom.ch\/en\/wp-json\/wp\/v2\/media\/478763"}],"wp:attachment":[{"href":"https:\/\/shop.kustom.ch\/en\/wp-json\/wp\/v2\/media?parent=640073"}],"wp:term":[{"taxonomy":"product_brand","embeddable":true,"href":"https:\/\/shop.kustom.ch\/en\/wp-json\/wp\/v2\/product_brand?post=640073"},{"taxonomy":"product_cat","embeddable":true,"href":"https:\/\/shop.kustom.ch\/en\/wp-json\/wp\/v2\/product_cat?post=640073"},{"taxonomy":"product_tag","embeddable":true,"href":"https:\/\/shop.kustom.ch\/en\/wp-json\/wp\/v2\/product_tag?post=640073"}],"curies":[{"name":"wp","href":"https:\/\/api.w.org\/{rel}","templated":true}]}}