{"id":639940,"date":"2025-03-22T04:04:52","date_gmt":"2025-03-22T03:04:52","guid":{"rendered":"https:\/\/shop.kustom.ch\/?post_type=product&#038;p=639940"},"modified":"2026-03-27T13:30:43","modified_gmt":"2026-03-27T12:30:43","slug":"rush-2-0-singlet-m","status":"publish","type":"product","link":"https:\/\/shop.kustom.ch\/en\/product\/rush-2-0-singlet-m\/","title":{"rendered":"Rush 2.0 Singlet M"},"content":{"rendered":"<p>The Rush 2.0 Singlet is a lightweight training singlet that offers efficient moisture transport and cooling for optimal comfort during athletics, gymnastics and similar activities. Made from recycled polyester, this garment is part of the new generation of sportswear with a lower environmental footprint. The vest features a racerback construction, embossed details and a clean design that is perfect for branding with club, sponsor or company logos.<\/p>\n<p>- Made from recycled polyester<br \/>\n- Functional and elasticated material<br \/>\n- Racerback<br \/>\n- Clear design<\/p>\n<p>Material: 100% recycled polyester<\/p>","protected":false},"excerpt":{"rendered":"<p>Das Rush 2.0 Singlet ist ein leichtes Trainingsunterhemd, das effizienten Feuchtigkeitstransport und K\u00fchlung f\u00fcr optimalen Komfort bei Leichtathletik, Gymnastik und \u00e4hnlichen Aktivit\u00e4ten bietet. Dieses aus recyceltem Polyester gefertigte Kleidungsst\u00fcck geh\u00f6rt zur neuen Generation von Sportbekleidung mit einem geringeren \u00f6kologischen Fussabdruck. Das Unterhemd verf\u00fcgt \u00fcber eine Racerback-Konstruktion, gepr\u00e4gte Details und ein klares Design, das sich perfekt [&hellip;]<\/p>\n","protected":false},"featured_media":478527,"template":"","meta":[],"product_brand":[],"product_cat":[4202],"product_tag":[],"class_list":{"0":"post-639940","1":"product","2":"type-product","3":"status-publish","4":"has-post-thumbnail","6":"product_cat-tank-tops","7":"pa_brand-craft-teamwear","8":"pa_brand-type-sportswear","9":"pa_filter-color-blau","10":"pa_filter-color-gruen","11":"pa_filter-color-rot","12":"pa_filter-color-schwarz","13":"pa_filter-color-weiss","15":"first","16":"instock","17":"sale","18":"taxable","19":"shipping-taxable","20":"purchasable","21":"product-type-variable","22":"add-to-wishlist-before_image"},"exclude_global_add_ons":[],"addons":[],"acf":[],"_links":{"self":[{"href":"https:\/\/shop.kustom.ch\/en\/wp-json\/wp\/v2\/product\/639940"}],"collection":[{"href":"https:\/\/shop.kustom.ch\/en\/wp-json\/wp\/v2\/product"}],"about":[{"href":"https:\/\/shop.kustom.ch\/en\/wp-json\/wp\/v2\/types\/product"}],"wp:featuredmedia":[{"embeddable":true,"href":"https:\/\/shop.kustom.ch\/en\/wp-json\/wp\/v2\/media\/478527"}],"wp:attachment":[{"href":"https:\/\/shop.kustom.ch\/en\/wp-json\/wp\/v2\/media?parent=639940"}],"wp:term":[{"taxonomy":"product_brand","embeddable":true,"href":"https:\/\/shop.kustom.ch\/en\/wp-json\/wp\/v2\/product_brand?post=639940"},{"taxonomy":"product_cat","embeddable":true,"href":"https:\/\/shop.kustom.ch\/en\/wp-json\/wp\/v2\/product_cat?post=639940"},{"taxonomy":"product_tag","embeddable":true,"href":"https:\/\/shop.kustom.ch\/en\/wp-json\/wp\/v2\/product_tag?post=639940"}],"curies":[{"name":"wp","href":"https:\/\/api.w.org\/{rel}","templated":true}]}}