{"id":639938,"date":"2025-03-22T04:04:52","date_gmt":"2025-03-22T03:04:52","guid":{"rendered":"https:\/\/shop.kustom.ch\/?post_type=product&#038;p=639938"},"modified":"2026-03-27T13:25:21","modified_gmt":"2026-03-27T12:25:21","slug":"rush-2-0-shorts-w","status":"publish","type":"product","link":"https:\/\/shop.kustom.ch\/en\/product\/rush-2-0-shorts-w\/","title":{"rendered":"Rush 2.0 Shorts W"},"content":{"rendered":"<p>Rush 2.0 Shorts are lightweight shorts made from stretchy, woven fabric that ensures efficient moisture transport during intensive training sessions. <\/p>\n<p>Version 2.0 has been updated with a new material with greater elasticity for greater freedom of movement and comfort. Made from recycled polyester, this garment represents the new generation of sportswear designed to reduce the environmental footprint. Perfect for branding with club, sponsor or company logos.<\/p>\n<p>- Fabric made from recycled polyester<br \/>\n- Updated with a new, more elastic material<br \/>\n- Drawstring at the waist for an optimum fit<br \/>\n- Clear design<\/p>\n<p>Material: 100% recycled polyester<\/p>","protected":false},"excerpt":{"rendered":"<p>Rush 2.0 Shorts sind leichte Shorts aus dehnbarem, gewebtem Stoff, der bei intensiven Trainingseinheiten f\u00fcr einen effizienten Feuchtigkeitstransport sorgt. Die Version 2.0 wurde mit einem neuen Material mit h\u00f6herer Elastizit\u00e4t f\u00fcr mehr Bewegungsfreiheit und h\u00f6heren Komfort aktualisiert. Dieses aus recyceltem Polyester hergestellte Kleidungsst\u00fcck repr\u00e4sentiert die neue Generation von Sportbekleidung, die darauf ausgelegt ist, den \u00f6kologischen [&hellip;]<\/p>\n","protected":false},"featured_media":629973,"template":"","meta":[],"product_brand":[],"product_cat":[4198],"product_tag":[],"class_list":{"0":"post-639938","1":"product","2":"type-product","3":"status-publish","4":"has-post-thumbnail","6":"product_cat-shorts","7":"pa_brand-craft-teamwear","8":"pa_brand-type-sportswear","9":"pa_filter-color-schwarz","11":"first","12":"instock","13":"sale","14":"taxable","15":"shipping-taxable","16":"purchasable","17":"product-type-variable","18":"add-to-wishlist-before_image"},"exclude_global_add_ons":[],"addons":[],"acf":[],"_links":{"self":[{"href":"https:\/\/shop.kustom.ch\/en\/wp-json\/wp\/v2\/product\/639938"}],"collection":[{"href":"https:\/\/shop.kustom.ch\/en\/wp-json\/wp\/v2\/product"}],"about":[{"href":"https:\/\/shop.kustom.ch\/en\/wp-json\/wp\/v2\/types\/product"}],"wp:featuredmedia":[{"embeddable":true,"href":"https:\/\/shop.kustom.ch\/en\/wp-json\/wp\/v2\/media\/629973"}],"wp:attachment":[{"href":"https:\/\/shop.kustom.ch\/en\/wp-json\/wp\/v2\/media?parent=639938"}],"wp:term":[{"taxonomy":"product_brand","embeddable":true,"href":"https:\/\/shop.kustom.ch\/en\/wp-json\/wp\/v2\/product_brand?post=639938"},{"taxonomy":"product_cat","embeddable":true,"href":"https:\/\/shop.kustom.ch\/en\/wp-json\/wp\/v2\/product_cat?post=639938"},{"taxonomy":"product_tag","embeddable":true,"href":"https:\/\/shop.kustom.ch\/en\/wp-json\/wp\/v2\/product_tag?post=639938"}],"curies":[{"name":"wp","href":"https:\/\/api.w.org\/{rel}","templated":true}]}}