{"id":639937,"date":"2025-03-22T04:04:52","date_gmt":"2025-03-22T03:04:52","guid":{"rendered":"https:\/\/shop.kustom.ch\/?post_type=product&#038;p=639937"},"modified":"2026-03-27T13:23:17","modified_gmt":"2026-03-27T12:23:17","slug":"rush-2-0-shorts-m","status":"publish","type":"product","link":"https:\/\/shop.kustom.ch\/en\/product\/rush-2-0-shorts-m\/","title":{"rendered":"Rush 2.0 Shorts M"},"content":{"rendered":"<p>Rush 2.0 Shorts are lightweight shorts made from a stretchy, woven fabric that ensures efficient moisture transport during intense training sessions. The 2.0 version has been updated with a new material with greater elasticity for greater freedom of movement and comfort. Made from recycled polyester, this garment is part of the new generation of sportswear with a lower environmental footprint. Perfect for branding with club, sponsor or company logos.<\/p>\n<p>- Woven fabric made from recycled polyester<br \/>\n- Updated with a new, more elastic material<br \/>\n- Drawstring at the hem for a perfect fit<br \/>\n- Clear design<\/p>\n<p>Material: 100% recycled polyester<\/p>","protected":false},"excerpt":{"rendered":"<p>Rush 2.0 Shorts sind leichte Shorts aus einem dehnbaren, gewebten Stoff, der bei intensiven Trainingseinheiten einen effizienten Feuchtigkeitstransport gew\u00e4hrleistet. Die Version 2.0 wurde mit einem neuen Material mit h\u00f6herer Elastizit\u00e4t f\u00fcr mehr Bewegungsfreiheit und mehr Komfort aktualisiert. Dieses aus recyceltem Polyester gefertigte Kleidungsst\u00fcck geh\u00f6rt zur neuen Generation von Sportbekleidung mit einem geringeren \u00f6kologischen Fussabdruck. Perfekt [&hellip;]<\/p>\n","protected":false},"featured_media":478935,"template":"","meta":[],"product_brand":[],"product_cat":[4198],"product_tag":[],"class_list":{"0":"post-639937","1":"product","2":"type-product","3":"status-publish","4":"has-post-thumbnail","6":"product_cat-shorts","7":"pa_brand-craft-teamwear","8":"pa_brand-type-sportswear","9":"pa_filter-color-schwarz","11":"first","12":"instock","13":"sale","14":"taxable","15":"shipping-taxable","16":"purchasable","17":"product-type-variable","18":"add-to-wishlist-before_image"},"exclude_global_add_ons":[],"addons":[],"acf":[],"_links":{"self":[{"href":"https:\/\/shop.kustom.ch\/en\/wp-json\/wp\/v2\/product\/639937"}],"collection":[{"href":"https:\/\/shop.kustom.ch\/en\/wp-json\/wp\/v2\/product"}],"about":[{"href":"https:\/\/shop.kustom.ch\/en\/wp-json\/wp\/v2\/types\/product"}],"wp:featuredmedia":[{"embeddable":true,"href":"https:\/\/shop.kustom.ch\/en\/wp-json\/wp\/v2\/media\/478935"}],"wp:attachment":[{"href":"https:\/\/shop.kustom.ch\/en\/wp-json\/wp\/v2\/media?parent=639937"}],"wp:term":[{"taxonomy":"product_brand","embeddable":true,"href":"https:\/\/shop.kustom.ch\/en\/wp-json\/wp\/v2\/product_brand?post=639937"},{"taxonomy":"product_cat","embeddable":true,"href":"https:\/\/shop.kustom.ch\/en\/wp-json\/wp\/v2\/product_cat?post=639937"},{"taxonomy":"product_tag","embeddable":true,"href":"https:\/\/shop.kustom.ch\/en\/wp-json\/wp\/v2\/product_tag?post=639937"}],"curies":[{"name":"wp","href":"https:\/\/api.w.org\/{rel}","templated":true}]}}