{"id":639936,"date":"2025-03-22T04:04:52","date_gmt":"2025-03-22T03:04:52","guid":{"rendered":"https:\/\/shop.kustom.ch\/?post_type=product&#038;p=639936"},"modified":"2026-03-27T13:37:37","modified_gmt":"2026-03-27T12:37:37","slug":"rush-2-0-short-tights-w","status":"publish","type":"product","link":"https:\/\/shop.kustom.ch\/en\/product\/rush-2-0-short-tights-w\/","title":{"rendered":"Rush 2.0 Short Tights W"},"content":{"rendered":"<p>Rush 2.0 Short Tights are lightweight and stretchy tights that offer efficient moisture wicking and great freedom of movement during intense physical activities such as athletics and gymnastics. Made from recycled polyester, this garment is part of the new generation of sportswear with a lower environmental footprint. Perfect for branding with club, sponsor or company logos.<\/p>\n<p>- Made from recycled polyester<br \/>\n- Clear design<\/p>\n<p>Material: 72% recycled polyester, 28% elastane<\/p>","protected":false},"excerpt":{"rendered":"<p>Rush 2.0 Short Tights sind leichte und elastische Strumpfhosen, die einen effizienten Feuchtigkeitstransport und grosse Bewegungsfreiheit bei intensiven k\u00f6rperlichen Aktivit\u00e4ten wie Leichtathletik und Gymnastik bieten. Dieses aus recyceltem Polyester gefertigte Kleidungsst\u00fcck geh\u00f6rt zur neuen Generation von Sportbekleidung mit einem geringeren \u00f6kologischen Fussabdruck. Perfekt f\u00fcr das Branding mit Vereins-, Sponsoren- oder Firmenlogos. \u2022 Hergestellt aus recyceltem [&hellip;]<\/p>\n","protected":false},"featured_media":478739,"template":"","meta":[],"product_brand":[],"product_cat":[4190],"product_tag":[],"class_list":{"0":"post-639936","1":"product","2":"type-product","3":"status-publish","4":"has-post-thumbnail","6":"product_cat-leggings","7":"pa_brand-craft-teamwear","8":"pa_brand-type-sportswear","9":"pa_filter-color-schwarz","11":"first","12":"instock","13":"sale","14":"taxable","15":"shipping-taxable","16":"purchasable","17":"product-type-variable","18":"add-to-wishlist-before_image"},"exclude_global_add_ons":[],"addons":[],"acf":[],"_links":{"self":[{"href":"https:\/\/shop.kustom.ch\/en\/wp-json\/wp\/v2\/product\/639936"}],"collection":[{"href":"https:\/\/shop.kustom.ch\/en\/wp-json\/wp\/v2\/product"}],"about":[{"href":"https:\/\/shop.kustom.ch\/en\/wp-json\/wp\/v2\/types\/product"}],"wp:featuredmedia":[{"embeddable":true,"href":"https:\/\/shop.kustom.ch\/en\/wp-json\/wp\/v2\/media\/478739"}],"wp:attachment":[{"href":"https:\/\/shop.kustom.ch\/en\/wp-json\/wp\/v2\/media?parent=639936"}],"wp:term":[{"taxonomy":"product_brand","embeddable":true,"href":"https:\/\/shop.kustom.ch\/en\/wp-json\/wp\/v2\/product_brand?post=639936"},{"taxonomy":"product_cat","embeddable":true,"href":"https:\/\/shop.kustom.ch\/en\/wp-json\/wp\/v2\/product_cat?post=639936"},{"taxonomy":"product_tag","embeddable":true,"href":"https:\/\/shop.kustom.ch\/en\/wp-json\/wp\/v2\/product_tag?post=639936"}],"curies":[{"name":"wp","href":"https:\/\/api.w.org\/{rel}","templated":true}]}}