{"id":639876,"date":"2025-03-22T04:04:19","date_gmt":"2025-03-22T03:04:19","guid":{"rendered":"https:\/\/shop.kustom.ch\/?post_type=product&#038;p=639876"},"modified":"2026-03-27T13:28:46","modified_gmt":"2026-03-27T12:28:46","slug":"rush-2-0-marathon-shorts-m","status":"publish","type":"product","link":"https:\/\/shop.kustom.ch\/en\/product\/rush-2-0-marathon-shorts-m\/","title":{"rendered":"Rush 2.0 Marathon Shorts M"},"content":{"rendered":"<p>The Rush 2.0 Marathon Shorts are lightweight, stretchy shorts with slits at the sides that ensure efficient moisture transport during long runs. The 2.0 version has been updated with a new woven fabric with higher elasticity to offer greater freedom of movement and comfort. Made from recycled polyester, this garment is part of the new generation of sportswear with a lower environmental footprint. Perfect for branding with club, sponsor or company logos.<\/p>\n<p>- Woven fabric made from recycled polyester<br \/>\n- Updated with a new, more elastic material<br \/>\n- Slits on the sides<br \/>\n- Drawstring at the hem for a perfect fit<br \/>\n- Clear design<\/p>\n<p>Material: 100% recycled polyester<\/p>","protected":false},"excerpt":{"rendered":"<p>Die Rush 2.0 Marathon Shorts sind leichte, elastische Shorts mit Schlitzen an den Seiten, die bei langen L\u00e4ufen einen effizienten Feuchtigkeitstransport gew\u00e4hrleisten. Die Version 2.0 wurde mit einem neuen gewebten Stoff mit h\u00f6herer Elastizit\u00e4t aktualisiert, um mehr Bewegungsfreiheit und mehr Komfort zu bieten. Dieses aus recyceltem Polyester gefertigte Kleidungsst\u00fcck geh\u00f6rt zur neuen Generation von Sportbekleidung [&hellip;]<\/p>\n","protected":false},"featured_media":478966,"template":"","meta":[],"product_brand":[],"product_cat":[4198],"product_tag":[],"class_list":{"0":"post-639876","1":"product","2":"type-product","3":"status-publish","4":"has-post-thumbnail","6":"product_cat-shorts","7":"pa_brand-craft-teamwear","8":"pa_brand-type-sportswear","9":"pa_filter-color-schwarz","11":"first","12":"instock","13":"sale","14":"taxable","15":"shipping-taxable","16":"purchasable","17":"product-type-variable","18":"add-to-wishlist-before_image"},"exclude_global_add_ons":[],"addons":[],"acf":[],"_links":{"self":[{"href":"https:\/\/shop.kustom.ch\/en\/wp-json\/wp\/v2\/product\/639876"}],"collection":[{"href":"https:\/\/shop.kustom.ch\/en\/wp-json\/wp\/v2\/product"}],"about":[{"href":"https:\/\/shop.kustom.ch\/en\/wp-json\/wp\/v2\/types\/product"}],"wp:featuredmedia":[{"embeddable":true,"href":"https:\/\/shop.kustom.ch\/en\/wp-json\/wp\/v2\/media\/478966"}],"wp:attachment":[{"href":"https:\/\/shop.kustom.ch\/en\/wp-json\/wp\/v2\/media?parent=639876"}],"wp:term":[{"taxonomy":"product_brand","embeddable":true,"href":"https:\/\/shop.kustom.ch\/en\/wp-json\/wp\/v2\/product_brand?post=639876"},{"taxonomy":"product_cat","embeddable":true,"href":"https:\/\/shop.kustom.ch\/en\/wp-json\/wp\/v2\/product_cat?post=639876"},{"taxonomy":"product_tag","embeddable":true,"href":"https:\/\/shop.kustom.ch\/en\/wp-json\/wp\/v2\/product_tag?post=639876"}],"curies":[{"name":"wp","href":"https:\/\/api.w.org\/{rel}","templated":true}]}}