{"id":639800,"date":"2025-03-22T04:03:45","date_gmt":"2025-03-22T03:03:45","guid":{"rendered":"https:\/\/shop.kustom.ch\/?post_type=product&#038;p=639800"},"modified":"2026-04-16T08:35:53","modified_gmt":"2026-04-16T07:35:53","slug":"rush-2-0-hot-pant-w","status":"publish","type":"product","link":"https:\/\/shop.kustom.ch\/en\/product\/rush-2-0-hot-pant-w\/","title":{"rendered":"Rush 2.0 Hot Pant W"},"content":{"rendered":"<p>Rush 2.0 Hot Pants are lightweight and stretchy hot pants that ensure efficient moisture transport and great freedom of movement during intense physical activities such as athletics and gymnastics. Version 2.0 has been updated with a new, stronger and more elasticated material. Made from recycled polyester, this garment belongs to the new generation of sportswear with a lower environmental footprint. Perfect for branding with club, sponsor or company logos.<\/p>\n<p>- Made from recycled polyester<br \/>\n- Updated with a new, stronger and more elastic material<br \/>\n- Wide waistband for optimum comfort<br \/>\n- Drawstring at the hem for a perfect fit<br \/>\n- Simple design<\/p>\n<p>Material: 72% recycled polyester, 28% elastane<\/p>","protected":false},"excerpt":{"rendered":"<p>Rush 2.0 Hot Pants sind leichte und elastische Hotpants, die bei intensiven k\u00f6rperlichen Aktivit\u00e4ten wie Leichtathletik und Gymnastik einen effizienten Feuchtigkeitstransport und grosse Bewegungsfreiheit gew\u00e4hrleisten. Die Version 2.0 wurde mit einem neuen, st\u00e4rkeren und elastischeren Material aktualisiert. Dieses aus recyceltem Polyester gefertigte Kleidungsst\u00fcck geh\u00f6rt zur neuen Generation von Sportbekleidung mit einem geringeren \u00f6kologischen Fussabdruck. Perfekt [&hellip;]<\/p>\n","protected":false},"featured_media":478990,"template":"","meta":[],"product_brand":[],"product_cat":[4190],"product_tag":[],"class_list":{"0":"post-639800","1":"product","2":"type-product","3":"status-publish","4":"has-post-thumbnail","6":"product_cat-leggings","7":"pa_brand-craft-teamwear","8":"pa_brand-type-sportswear","9":"pa_filter-color-blau","10":"pa_filter-color-schwarz","12":"first","13":"instock","14":"sale","15":"taxable","16":"shipping-taxable","17":"purchasable","18":"product-type-variable","19":"add-to-wishlist-before_image"},"exclude_global_add_ons":[],"addons":[],"acf":[],"_links":{"self":[{"href":"https:\/\/shop.kustom.ch\/en\/wp-json\/wp\/v2\/product\/639800"}],"collection":[{"href":"https:\/\/shop.kustom.ch\/en\/wp-json\/wp\/v2\/product"}],"about":[{"href":"https:\/\/shop.kustom.ch\/en\/wp-json\/wp\/v2\/types\/product"}],"wp:featuredmedia":[{"embeddable":true,"href":"https:\/\/shop.kustom.ch\/en\/wp-json\/wp\/v2\/media\/478990"}],"wp:attachment":[{"href":"https:\/\/shop.kustom.ch\/en\/wp-json\/wp\/v2\/media?parent=639800"}],"wp:term":[{"taxonomy":"product_brand","embeddable":true,"href":"https:\/\/shop.kustom.ch\/en\/wp-json\/wp\/v2\/product_brand?post=639800"},{"taxonomy":"product_cat","embeddable":true,"href":"https:\/\/shop.kustom.ch\/en\/wp-json\/wp\/v2\/product_cat?post=639800"},{"taxonomy":"product_tag","embeddable":true,"href":"https:\/\/shop.kustom.ch\/en\/wp-json\/wp\/v2\/product_tag?post=639800"}],"curies":[{"name":"wp","href":"https:\/\/api.w.org\/{rel}","templated":true}]}}