{"id":639799,"date":"2025-03-22T04:03:45","date_gmt":"2025-03-22T03:03:45","guid":{"rendered":"https:\/\/shop.kustom.ch\/?post_type=product&#038;p=639799"},"modified":"2026-03-27T13:34:04","modified_gmt":"2026-03-27T12:34:04","slug":"rush-2-0-hot-pant-jr","status":"publish","type":"product","link":"https:\/\/shop.kustom.ch\/en\/product\/rush-2-0-hot-pant-jr\/","title":{"rendered":"Rush 2.0 Hot Pant Jr"},"content":{"rendered":"<p>Rush 2.0 Hot Pants are lightweight and elasticated hot pants that offer efficient moisture transport and great freedom of movement during intensive physical activities such as athletics, gymnastics and beach volleyball. <\/p>\n<p>Version 2.0 has been updated with a new, stronger and more elasticated material that offers more recovery and less transparency. Made from recycled polyester, this garment represents the new generation of sportswear designed to reduce the environmental footprint. Perfect for branding with club, sponsor or company logos.<\/p>\n<p>- Made from recycled polyester and elastane<br \/>\n- Updated with a new, stronger and more elastic material<br \/>\n- Large pullback effect and less transparency<br \/>\n- Wide waistband for optimum comfort<br \/>\n- Drawstring at the waist for an optimum fit<br \/>\n- Silicone gripper at the leg ends<br \/>\n- Clear design<\/p>\n<p>Material: Body: 92% recycled polyester, 8% elastane<\/p>","protected":false},"excerpt":{"rendered":"<p>Rush 2.0 Hot Pants sind leichte und elastische Hot Pants, die einen effizienten Feuchtigkeitstransport und grosse Bewegungsfreiheit bei intensiven k\u00f6rperlichen Aktivit\u00e4ten wie Leichtathletik, Gymnastik und Beachvolleyball bieten. Die Version 2.0 wurde mit einem neuen, st\u00e4rkeren und elastischeren Material aktualisiert, das mehr R\u00fcckzug und weniger Transparenz bietet. Dieses aus recyceltem Polyester hergestellte Kleidungsst\u00fcck repr\u00e4sentiert die neue [&hellip;]<\/p>\n","protected":false},"featured_media":629781,"template":"","meta":[],"product_brand":[],"product_cat":[4190],"product_tag":[],"class_list":{"0":"post-639799","1":"product","2":"type-product","3":"status-publish","4":"has-post-thumbnail","6":"product_cat-leggings","7":"pa_brand-craft-teamwear","8":"pa_brand-type-sportswear","9":"pa_filter-color-blau","10":"pa_filter-color-schwarz","12":"first","13":"instock","14":"sale","15":"taxable","16":"shipping-taxable","17":"purchasable","18":"product-type-variable","19":"add-to-wishlist-before_image"},"exclude_global_add_ons":[],"addons":[],"acf":[],"_links":{"self":[{"href":"https:\/\/shop.kustom.ch\/en\/wp-json\/wp\/v2\/product\/639799"}],"collection":[{"href":"https:\/\/shop.kustom.ch\/en\/wp-json\/wp\/v2\/product"}],"about":[{"href":"https:\/\/shop.kustom.ch\/en\/wp-json\/wp\/v2\/types\/product"}],"wp:featuredmedia":[{"embeddable":true,"href":"https:\/\/shop.kustom.ch\/en\/wp-json\/wp\/v2\/media\/629781"}],"wp:attachment":[{"href":"https:\/\/shop.kustom.ch\/en\/wp-json\/wp\/v2\/media?parent=639799"}],"wp:term":[{"taxonomy":"product_brand","embeddable":true,"href":"https:\/\/shop.kustom.ch\/en\/wp-json\/wp\/v2\/product_brand?post=639799"},{"taxonomy":"product_cat","embeddable":true,"href":"https:\/\/shop.kustom.ch\/en\/wp-json\/wp\/v2\/product_cat?post=639799"},{"taxonomy":"product_tag","embeddable":true,"href":"https:\/\/shop.kustom.ch\/en\/wp-json\/wp\/v2\/product_tag?post=639799"}],"curies":[{"name":"wp","href":"https:\/\/api.w.org\/{rel}","templated":true}]}}