{"id":639707,"date":"2025-03-22T04:02:55","date_gmt":"2025-03-22T03:02:55","guid":{"rendered":"https:\/\/shop.kustom.ch\/?post_type=product&#038;p=639707"},"modified":"2026-03-27T13:35:44","modified_gmt":"2026-03-27T12:35:44","slug":"rush-2-0-crop-tee-w","status":"publish","type":"product","link":"https:\/\/shop.kustom.ch\/en\/product\/rush-2-0-crop-tee-w\/","title":{"rendered":"Rush 2.0 Crop Tee W"},"content":{"rendered":"<p>The Rush 2.0 Crop Tee is a close-fitting training T-shirt with a cropped fit that ensures efficient moisture transport and cooling for optimal comfort during athletics, gymnastics and similar activities. Made from recycled polyester, this garment is part of the new generation of sportswear with a reduced environmental footprint. The T-shirt has a clear design that is perfect for branding with club, sponsor or company logos.<\/p>\n<p>- Made from recycled polyester<br \/>\n- Functional and elasticated material<br \/>\n- Short, tight fit<br \/>\n- Clear design<\/p>\n<p>Material: 72% recycled polyester, 28% elastane<\/p>","protected":false},"excerpt":{"rendered":"<p>Das Rush 2.0 Crop Tee ist ein eng anliegendes Trainings-T-Shirt mit verk\u00fcrzter Passform, das effizienten Feuchtigkeitstransport und K\u00fchlung f\u00fcr optimalen Komfort bei Leichtathletik, Gymnastik und \u00e4hnlichen Aktivit\u00e4ten gew\u00e4hrleistet. Dieses aus recyceltem Polyester gefertigte Kleidungsst\u00fcck geh\u00f6rt zur neuen Generation von Sportbekleidung mit einem geringeren \u00f6kologischen Fussabdruck. Das T-Shirt hat ein klares Design, das sich perfekt f\u00fcr [&hellip;]<\/p>\n","protected":false},"featured_media":478649,"template":"","meta":[],"product_brand":[],"product_cat":[4201],"product_tag":[],"class_list":{"0":"post-639707","1":"product","2":"type-product","3":"status-publish","4":"has-post-thumbnail","6":"product_cat-t-shirts","7":"pa_brand-craft-teamwear","8":"pa_brand-type-sportswear","9":"pa_filter-color-blau","10":"pa_filter-color-schwarz","12":"first","13":"instock","14":"sale","15":"taxable","16":"shipping-taxable","17":"purchasable","18":"product-type-variable","19":"add-to-wishlist-before_image"},"exclude_global_add_ons":[],"addons":[],"acf":[],"_links":{"self":[{"href":"https:\/\/shop.kustom.ch\/en\/wp-json\/wp\/v2\/product\/639707"}],"collection":[{"href":"https:\/\/shop.kustom.ch\/en\/wp-json\/wp\/v2\/product"}],"about":[{"href":"https:\/\/shop.kustom.ch\/en\/wp-json\/wp\/v2\/types\/product"}],"wp:featuredmedia":[{"embeddable":true,"href":"https:\/\/shop.kustom.ch\/en\/wp-json\/wp\/v2\/media\/478649"}],"wp:attachment":[{"href":"https:\/\/shop.kustom.ch\/en\/wp-json\/wp\/v2\/media?parent=639707"}],"wp:term":[{"taxonomy":"product_brand","embeddable":true,"href":"https:\/\/shop.kustom.ch\/en\/wp-json\/wp\/v2\/product_brand?post=639707"},{"taxonomy":"product_cat","embeddable":true,"href":"https:\/\/shop.kustom.ch\/en\/wp-json\/wp\/v2\/product_cat?post=639707"},{"taxonomy":"product_tag","embeddable":true,"href":"https:\/\/shop.kustom.ch\/en\/wp-json\/wp\/v2\/product_tag?post=639707"}],"curies":[{"name":"wp","href":"https:\/\/api.w.org\/{rel}","templated":true}]}}