{"id":639661,"date":"2025-03-22T04:02:29","date_gmt":"2025-03-22T03:02:29","guid":{"rendered":"https:\/\/shop.kustom.ch\/?post_type=product&#038;p=639661"},"modified":"2026-03-27T14:15:30","modified_gmt":"2026-03-27T13:15:30","slug":"race-day-sport-top-w","status":"publish","type":"product","link":"https:\/\/shop.kustom.ch\/en\/product\/race-day-sport-top-w\/","title":{"rendered":"Race Day Sport Top W"},"content":{"rendered":"<p>Race Day Sport Top is a high-performance running top that enables demanding elite athletes to push their limits at the highest level in long-distance running.<\/p>\n<p>Designed for the world's most prestigious marathons, this professional sports top is made from a highly functional jersey with a large rear panel that offers exceptional moisture wicking and a close, secure fit during intense running. Designed for peak performance, the top also features a perforated X construction on the back for better ventilation and an adjustable hook and eye fastening for an optimal fit. <\/p>\n<p>- Functional jersey made from recycled polyamide and elastane<br \/>\n- X-construction on the back<br \/>\n- Hook and eye fastener<br \/>\n- Elasticated bottom hem<\/p>\n<p>Material: 74% recycled polyamide, 26% elastane<\/p>","protected":false},"excerpt":{"rendered":"<p>Race Day Sport Top ist ein leistungsstarkes Laufoberteil, das anspruchsvollen Spitzensportlern die M\u00f6glichkeit gibt, ihre Grenzen auf h\u00f6chstem Niveau im Langstreckenlauf zu \u00fcberschreiten. Dieses professionelle Sportoberteil wurde f\u00fcr die prestigetr\u00e4chtigsten Marathons der Welt konzipiert und besteht aus einem hochfunktionellen Jersey mit grossem R\u00fcckzugsbereich, der aussergew\u00f6hnlichen Feuchtigkeitstransport und eine enge, sichere Passform bei intensivem Laufen bietet. [&hellip;]<\/p>\n","protected":false},"featured_media":629664,"template":"","meta":[],"product_brand":[],"product_cat":[4202],"product_tag":[],"class_list":{"0":"post-639661","1":"product","2":"type-product","3":"status-publish","4":"has-post-thumbnail","6":"product_cat-tank-tops","7":"pa_brand-craft-retail-sportswear","8":"pa_brand-type-sportswear","9":"pa_filter-color-weiss","11":"first","12":"instock","13":"sale","14":"taxable","15":"shipping-taxable","16":"purchasable","17":"product-type-variable","18":"add-to-wishlist-before_image"},"exclude_global_add_ons":[],"addons":[],"acf":[],"_links":{"self":[{"href":"https:\/\/shop.kustom.ch\/en\/wp-json\/wp\/v2\/product\/639661"}],"collection":[{"href":"https:\/\/shop.kustom.ch\/en\/wp-json\/wp\/v2\/product"}],"about":[{"href":"https:\/\/shop.kustom.ch\/en\/wp-json\/wp\/v2\/types\/product"}],"wp:featuredmedia":[{"embeddable":true,"href":"https:\/\/shop.kustom.ch\/en\/wp-json\/wp\/v2\/media\/629664"}],"wp:attachment":[{"href":"https:\/\/shop.kustom.ch\/en\/wp-json\/wp\/v2\/media?parent=639661"}],"wp:term":[{"taxonomy":"product_brand","embeddable":true,"href":"https:\/\/shop.kustom.ch\/en\/wp-json\/wp\/v2\/product_brand?post=639661"},{"taxonomy":"product_cat","embeddable":true,"href":"https:\/\/shop.kustom.ch\/en\/wp-json\/wp\/v2\/product_cat?post=639661"},{"taxonomy":"product_tag","embeddable":true,"href":"https:\/\/shop.kustom.ch\/en\/wp-json\/wp\/v2\/product_tag?post=639661"}],"curies":[{"name":"wp","href":"https:\/\/api.w.org\/{rel}","templated":true}]}}