{"id":639659,"date":"2025-03-22T04:02:29","date_gmt":"2025-03-22T03:02:29","guid":{"rendered":"https:\/\/shop.kustom.ch\/?post_type=product&#038;p=639659"},"modified":"2026-03-27T15:17:15","modified_gmt":"2026-03-27T14:17:15","slug":"race-day-singlet-m","status":"publish","type":"product","link":"https:\/\/shop.kustom.ch\/en\/product\/race-day-singlet-m\/","title":{"rendered":"Race Day Singlet M"},"content":{"rendered":"<p>Race Day Singlet is a high-performance running singlet that gives demanding elite athletes the opportunity to push their limits at the highest level in long-distance running.<\/p>\n<p>Designed for the world's most prestigious marathons, this professional singlet is made from a highly functional jersey with elasticated slits that expand when the fabric is stretched, providing exceptional moisture wicking and improved ventilation during intense running. Designed for peak performance, the vest also features welded seams at the neck and sleeve openings to minimise chafing so you can focus on your pace and form.<\/p>\n<p>- Lightweight jersey fabric made from recycled polyester and elastane<br \/>\n- Laser-cut slit openings in the fabric ensure better ventilation when stretched<br \/>\n- Racerback design<br \/>\n- Hollowed-out sleeve holes<br \/>\n- Welded seams at the neck and armholes minimise chafing<br \/>\n- Sealed hem at the bottom with visible adhesive tape on the back<br \/>\n- Side slits<\/p>\n<p>Material: 91% recycled polyester, 9% elastane<\/p>","protected":false},"excerpt":{"rendered":"<p>Race Day Singlet ist ein leistungsstarkes Lauf-Singlet, das anspruchsvollen Spitzensportlern die M\u00f6glichkeit gibt, ihre Grenzen auf h\u00f6chstem Niveau im Langstreckenlauf zu \u00fcberschreiten. Dieses professionelle Singlet wurde f\u00fcr die prestigetr\u00e4chtigsten Marathons der Welt konzipiert und besteht aus einem hochfunktionellen Jersey mit elastischen Schlitz\u00f6ffnungen, die sich ausdehnen, wenn der Stoff gedehnt wird, und so f\u00fcr aussergew\u00f6hnlichen Feuchtigkeitstransport [&hellip;]<\/p>\n","protected":false},"featured_media":629644,"template":"","meta":[],"product_brand":[],"product_cat":[4202],"product_tag":[],"class_list":{"0":"post-639659","1":"product","2":"type-product","3":"status-publish","4":"has-post-thumbnail","6":"product_cat-tank-tops","7":"pa_brand-craft-retail-sportswear","8":"pa_brand-type-sportswear","9":"pa_filter-color-weiss","11":"first","12":"instock","13":"sale","14":"taxable","15":"shipping-taxable","16":"purchasable","17":"product-type-variable","18":"add-to-wishlist-before_image"},"exclude_global_add_ons":[],"addons":[],"acf":[],"_links":{"self":[{"href":"https:\/\/shop.kustom.ch\/en\/wp-json\/wp\/v2\/product\/639659"}],"collection":[{"href":"https:\/\/shop.kustom.ch\/en\/wp-json\/wp\/v2\/product"}],"about":[{"href":"https:\/\/shop.kustom.ch\/en\/wp-json\/wp\/v2\/types\/product"}],"wp:featuredmedia":[{"embeddable":true,"href":"https:\/\/shop.kustom.ch\/en\/wp-json\/wp\/v2\/media\/629644"}],"wp:attachment":[{"href":"https:\/\/shop.kustom.ch\/en\/wp-json\/wp\/v2\/media?parent=639659"}],"wp:term":[{"taxonomy":"product_brand","embeddable":true,"href":"https:\/\/shop.kustom.ch\/en\/wp-json\/wp\/v2\/product_brand?post=639659"},{"taxonomy":"product_cat","embeddable":true,"href":"https:\/\/shop.kustom.ch\/en\/wp-json\/wp\/v2\/product_cat?post=639659"},{"taxonomy":"product_tag","embeddable":true,"href":"https:\/\/shop.kustom.ch\/en\/wp-json\/wp\/v2\/product_tag?post=639659"}],"curies":[{"name":"wp","href":"https:\/\/api.w.org\/{rel}","templated":true}]}}