{"id":639512,"date":"2025-03-22T04:00:15","date_gmt":"2025-03-22T03:00:15","guid":{"rendered":"https:\/\/shop.kustom.ch\/?post_type=product&#038;p=639512"},"modified":"2026-03-27T14:23:47","modified_gmt":"2026-03-27T13:23:47","slug":"pro-trail-subz-jacket-m","status":"publish","type":"product","link":"https:\/\/shop.kustom.ch\/en\/product\/pro-trail-subz-jacket-m\/","title":{"rendered":"PRO Trail SubZ Jacket M"},"content":{"rendered":"<p>The PRO Trail SubZ Jacket is a warm grid fleece running jacket that enables passionate trail runners to tackle challenging terrain even on cold winter days.<\/p>\n<p>This technically advanced, professional-grade running jacket is made from a warm grid fleece fabric and features wind and water-repellent ripstop shell fabric on the front, back and hood. It strikes a fine balance between warmth and breathability and is equipped with elasticated jersey on the sides and under the sleeves for improved ventilation. In addition, cuffs with thumbholes ensure that your wrists stay protected and warm, even when your hands are not in gloves. The jacket also features a ventilation opening at the back, two side pockets and a zipped chest pocket for secure storage of keys, energy bars and other essentials.<\/p>\n<p>- Warm and functional grid fleece fabric<br \/>\n- Wind and water-repellent ripstop shell fabric on the front, back and hood<br \/>\n- Elasticated jersey fabric on the sides and under the sleeves<br \/>\n- Ventilation opening on the back<br \/>\n- Chest pocket with zip<br \/>\n- Two side pockets<br \/>\n- Thumbholes at the sleeve ends<br \/>\n- Regular fit<\/p>\n<p>Material: Body: 96% recycled polyester, 4% elastane. Upper body: 55% polyester, 45% recycled polyester. Side inserts: 88% recycled polyester, 12% elastane<\/p>","protected":false},"excerpt":{"rendered":"<p>Die PRO Trail SubZ Jacket ist eine warme Grid-Fleece Laufjacke, die passionierten Trailrunnern erm\u00f6glicht, auch an kalten Wintertagen herausforderndes Gel\u00e4nde zu bew\u00e4ltigen. Diese technisch fortschrittliche Laufjacke der Profiklasse besteht aus einem warmen Grid-Fleece Stoff und verf\u00fcgt \u00fcber wind- und wasserabweisendes Ripstop-Shellgewebe an Front, R\u00fccken und Kapuze. Sie findet eine feine Balance zwischen W\u00e4rme und Atmungsaktivit\u00e4t [&hellip;]<\/p>\n","protected":false},"featured_media":480262,"template":"","meta":[],"product_brand":[],"product_cat":[4186],"product_tag":[],"class_list":{"0":"post-639512","1":"product","2":"type-product","3":"status-publish","4":"has-post-thumbnail","6":"product_cat-jacken","7":"pa_brand-craft-retail-sportswear","8":"pa_brand-type-sportswear","9":"pa_filter-color-schwarz","11":"first","12":"instock","13":"sale","14":"taxable","15":"shipping-taxable","16":"purchasable","17":"product-type-variable","18":"add-to-wishlist-before_image"},"exclude_global_add_ons":[],"addons":[],"acf":[],"_links":{"self":[{"href":"https:\/\/shop.kustom.ch\/en\/wp-json\/wp\/v2\/product\/639512"}],"collection":[{"href":"https:\/\/shop.kustom.ch\/en\/wp-json\/wp\/v2\/product"}],"about":[{"href":"https:\/\/shop.kustom.ch\/en\/wp-json\/wp\/v2\/types\/product"}],"wp:featuredmedia":[{"embeddable":true,"href":"https:\/\/shop.kustom.ch\/en\/wp-json\/wp\/v2\/media\/480262"}],"wp:attachment":[{"href":"https:\/\/shop.kustom.ch\/en\/wp-json\/wp\/v2\/media?parent=639512"}],"wp:term":[{"taxonomy":"product_brand","embeddable":true,"href":"https:\/\/shop.kustom.ch\/en\/wp-json\/wp\/v2\/product_brand?post=639512"},{"taxonomy":"product_cat","embeddable":true,"href":"https:\/\/shop.kustom.ch\/en\/wp-json\/wp\/v2\/product_cat?post=639512"},{"taxonomy":"product_tag","embeddable":true,"href":"https:\/\/shop.kustom.ch\/en\/wp-json\/wp\/v2\/product_tag?post=639512"}],"curies":[{"name":"wp","href":"https:\/\/api.w.org\/{rel}","templated":true}]}}