{"id":639440,"date":"2025-03-22T03:59:25","date_gmt":"2025-03-22T02:59:25","guid":{"rendered":"https:\/\/shop.kustom.ch\/?post_type=product&#038;p=639440"},"modified":"2026-03-27T13:32:21","modified_gmt":"2026-03-27T12:32:21","slug":"pro-nordic-race-jacket-2-w","status":"publish","type":"product","link":"https:\/\/shop.kustom.ch\/en\/product\/pro-nordic-race-jacket-2-w\/","title":{"rendered":"PRO Nordic Race Jacket 2 W"},"content":{"rendered":"<p>The PRO Nordic Race Jacket 2 is a high performance ski jacket designed to maximise performance in the field of competition skiing.<\/p>\n<p>This innovative Nordic ski vest is made from Ventair\u00ae 3-cut elasticated and highly functional fabric, offering excellent protection against the elements and efficient body temperature management. In addition, this high performance vest is equipped with a jersey-brossed hood for effective moisture transport, as well as taped cuffs at the front and at the ends of the sleeves. It also has a bouton-pression at the front that allows you to open the flap for additional ventilation.<\/p>\n<p>- Tissu extensible Ventair\u00ae 3 couches coupe-vent et imperm\u00e9able (15 000 mm WP \/ 10 000 g\/m\u00b2\/24 h MVP)<br \/>\n- Dos en jersey bross\u00e9 pour un transport efficace de l'humidit\u00e9<br \/>\n- Col en jersey c\u00f4tel\u00e9 doux pour un confort suppl\u00e9mentaire<br \/>\n- Coutures d\u00e9coup\u00e9es au laser et \u00e9tanches \u00e0 l'avant<br \/>\n- Bas et extr\u00e9mit\u00e9s des manches \u00e9tanches pour un ajustement parfait<br \/>\n- Bouton-pression de ventilation \u00e0 l'avant<br \/>\n- Fermeture \u00e9clair invers\u00e9e \u00e0 l'avant<br \/>\n- Deux poches zipp\u00e9es \u00e0 l'avant pour le rangement s\u00e9curis\u00e9 des petits objets<br \/>\n- Coupe serr\u00e9e et a\u00e9rodynamique<\/p>\n<p>Material: Front: 100% recycled polyester. Centre: 100% polyurethane. Back: 100% polyester. Upper back area: 91% recycled polyester, 9% elastane<\/p>","protected":false},"excerpt":{"rendered":"<p>Le PRO Nordic Race Jacket 2 est une veste de ski de haute performance con\u00e7ue pour offrir des performances maximales dans le domaine du ski de fond de comp\u00e9tition. Cette veste innovante de ski nordique est fabriqu\u00e9e en tissu Ventair\u00ae 3 couches \u00e9lastique et hautement fonctionnel, offrant une excellente protection contre les intemp\u00e9ries et une [&hellip;]<\/p>\n","protected":false},"featured_media":480293,"template":"","meta":[],"product_brand":[],"product_cat":[4186],"product_tag":[],"class_list":{"0":"post-639440","1":"product","2":"type-product","3":"status-publish","4":"has-post-thumbnail","6":"product_cat-jacken","7":"pa_brand-craft-retail-sportswear","8":"pa_brand-type-sportswear","9":"pa_filter-color-beige","10":"pa_filter-color-gruen","12":"first","13":"instock","14":"sale","15":"taxable","16":"shipping-taxable","17":"purchasable","18":"product-type-variable","19":"add-to-wishlist-before_image"},"exclude_global_add_ons":[],"addons":[],"acf":[],"_links":{"self":[{"href":"https:\/\/shop.kustom.ch\/en\/wp-json\/wp\/v2\/product\/639440"}],"collection":[{"href":"https:\/\/shop.kustom.ch\/en\/wp-json\/wp\/v2\/product"}],"about":[{"href":"https:\/\/shop.kustom.ch\/en\/wp-json\/wp\/v2\/types\/product"}],"wp:featuredmedia":[{"embeddable":true,"href":"https:\/\/shop.kustom.ch\/en\/wp-json\/wp\/v2\/media\/480293"}],"wp:attachment":[{"href":"https:\/\/shop.kustom.ch\/en\/wp-json\/wp\/v2\/media?parent=639440"}],"wp:term":[{"taxonomy":"product_brand","embeddable":true,"href":"https:\/\/shop.kustom.ch\/en\/wp-json\/wp\/v2\/product_brand?post=639440"},{"taxonomy":"product_cat","embeddable":true,"href":"https:\/\/shop.kustom.ch\/en\/wp-json\/wp\/v2\/product_cat?post=639440"},{"taxonomy":"product_tag","embeddable":true,"href":"https:\/\/shop.kustom.ch\/en\/wp-json\/wp\/v2\/product_tag?post=639440"}],"curies":[{"name":"wp","href":"https:\/\/api.w.org\/{rel}","templated":true}]}}