{"id":639409,"date":"2025-03-22T03:58:57","date_gmt":"2025-03-22T02:58:57","guid":{"rendered":"https:\/\/shop.kustom.ch\/?post_type=product&#038;p=639409"},"modified":"2026-03-27T15:21:26","modified_gmt":"2026-03-27T14:21:26","slug":"pro-hypervent-ls-wind-top-2-m","status":"publish","type":"product","link":"https:\/\/shop.kustom.ch\/en\/product\/pro-hypervent-ls-wind-top-2-m\/","title":{"rendered":"PRO Hypervent LS Wind Top 2 M"},"content":{"rendered":"<p>The PRO Hypervent LS Wind Top 2 is a professional long-sleeved running shirt with a windproof front and breathable back for high-intensity training in windy weather. <\/p>\n<p>\u2022 Windproof and perforated stretch polyester on the front and sleeves<br \/>\n\u2022 Soft polyester jersey on the back and under the sleeves for improved ventilation<br \/>\n\u2022 thumb grip<br \/>\n\u2022 Zipped pocket on the left shoulder for secure storage<br \/>\n- Normal fit<\/p>\n<p>Material: Front of bodysuit: 90% recycled polyester, 10% elastane. Back: 90% recycled polyester, 10% elastane<\/p>","protected":false},"excerpt":{"rendered":"<p>Das PRO Hypervent LS Wind Top 2 ist ein professionelles lang\u00e4rmeliges Laufshirt mit winddichte Vorderseite und luftdurchl\u00e4ssiger R\u00fcckseite f\u00fcr hochintensives Training bei windigem Wetter. \u2022 Windgesch\u00fctzter und perforierter Stretch-Polyester vorne und an den \u00c4rmeln \u2022 Weiches Polyester-Jersey am R\u00fccken und unter den \u00c4rmeln f\u00fcr verbesserte Bel\u00fcftung \u2022 Daumengriff \u2022 Reissverschlusstasche an der linken Schulter zur [&hellip;]<\/p>\n","protected":false},"featured_media":629120,"template":"","meta":[],"product_brand":[],"product_cat":[4186,4201],"product_tag":[],"class_list":{"0":"post-639409","1":"product","2":"type-product","3":"status-publish","4":"has-post-thumbnail","6":"product_cat-jacken","7":"product_cat-t-shirts","8":"pa_brand-craft-retail-sportswear","9":"pa_brand-type-sportswear","10":"pa_filter-color-beige","12":"first","13":"instock","14":"sale","15":"taxable","16":"shipping-taxable","17":"purchasable","18":"product-type-variable","19":"add-to-wishlist-before_image"},"exclude_global_add_ons":[],"addons":[],"acf":[],"_links":{"self":[{"href":"https:\/\/shop.kustom.ch\/en\/wp-json\/wp\/v2\/product\/639409"}],"collection":[{"href":"https:\/\/shop.kustom.ch\/en\/wp-json\/wp\/v2\/product"}],"about":[{"href":"https:\/\/shop.kustom.ch\/en\/wp-json\/wp\/v2\/types\/product"}],"wp:featuredmedia":[{"embeddable":true,"href":"https:\/\/shop.kustom.ch\/en\/wp-json\/wp\/v2\/media\/629120"}],"wp:attachment":[{"href":"https:\/\/shop.kustom.ch\/en\/wp-json\/wp\/v2\/media?parent=639409"}],"wp:term":[{"taxonomy":"product_brand","embeddable":true,"href":"https:\/\/shop.kustom.ch\/en\/wp-json\/wp\/v2\/product_brand?post=639409"},{"taxonomy":"product_cat","embeddable":true,"href":"https:\/\/shop.kustom.ch\/en\/wp-json\/wp\/v2\/product_cat?post=639409"},{"taxonomy":"product_tag","embeddable":true,"href":"https:\/\/shop.kustom.ch\/en\/wp-json\/wp\/v2\/product_tag?post=639409"}],"curies":[{"name":"wp","href":"https:\/\/api.w.org\/{rel}","templated":true}]}}